{"id":923,"date":"2024-12-27T22:11:53","date_gmt":"2024-12-27T15:11:53","guid":{"rendered":"https:\/\/mchnn.com.vn\/?page_id=923"},"modified":"2024-12-31T16:27:01","modified_gmt":"2024-12-31T09:27:01","slug":"thiet-ke-xay-dung","status":"publish","type":"page","link":"https:\/\/mchnn.com.vn\/?page_id=923","title":{"rendered":"D\u1ef0 \u00c1N"},"content":{"rendered":"\n<div class=\"wp-block-group alignwide animated animated-fadeInUp is-layout-constrained wp-block-group-is-layout-constrained\" style=\"padding-top:40px\">\n<div class=\"wp-block-columns is-layout-flex wp-container-core-columns-is-layout-f0342b05 wp-block-columns-is-layout-flex\" style=\"margin-top:0;margin-bottom:0\">\n<div class=\"wp-block-column is-layout-flow wp-container-core-column-is-layout-a97becd4 wp-block-column-is-layout-flow\" style=\"padding-bottom:30px\">\n<div class=\"wp-block-group heading-default wow fadeInUp is-content-justification-center is-nowrap is-layout-flex wp-container-core-group-is-layout-23441af8 wp-block-group-is-layout-flex\">\n<p class=\"badge cl-bg-primary ttl\" style=\"font-size:20px\">D\u1ef0 \u00c1N TI\u00caU BI\u1ec2U<\/p>\n<\/div>\n<\/div>\n<\/div>\n\n\n\n<div class=\"wp-block-columns alignwide is-layout-flex wp-container-core-columns-is-layout-c6bc58be wp-block-columns-is-layout-flex\" style=\"padding-top:0px;padding-right:0px;padding-bottom:0px;padding-left:0px\">\n<div class=\"wp-block-column is-vertically-aligned-bottom is-layout-flow wp-block-column-is-layout-flow\" style=\"flex-basis:60%\">\n<div class=\"wp-block-group  animated animated-fadeInUp is-layout-flow wp-block-group-is-layout-flow\">\n<div class=\"wp-block-cover is-light has-custom-content-position is-position-bottom-left\" style=\"padding-top:40px;padding-right:40px;padding-bottom:40px;padding-left:40px;min-height:520px;aspect-ratio:unset;\"><span aria-hidden=\"true\" class=\"wp-block-cover__background has-background-dim-60 has-background-dim wp-block-cover__gradient-background has-background-gradient\" style=\"background-color:#9f9e99;background:linear-gradient(180deg,rgba(0,0,0,0.18) 0%,rgb(0,0,0) 87%)\"><\/span><img loading=\"lazy\" decoding=\"async\" width=\"2000\" height=\"637\" class=\"wp-block-cover__image-background wp-image-1382\" alt=\"\" src=\"https:\/\/mchnn.com.vn\/wp-content\/uploads\/2024\/12\/z6183989492294_8fa06a069dc4f9516fad885df65accb0.jpg\" data-object-fit=\"cover\" srcset=\"https:\/\/mchnn.com.vn\/wp-content\/uploads\/2024\/12\/z6183989492294_8fa06a069dc4f9516fad885df65accb0.jpg 2000w, https:\/\/mchnn.com.vn\/wp-content\/uploads\/2024\/12\/z6183989492294_8fa06a069dc4f9516fad885df65accb0-300x96.jpg 300w, https:\/\/mchnn.com.vn\/wp-content\/uploads\/2024\/12\/z6183989492294_8fa06a069dc4f9516fad885df65accb0-1024x326.jpg 1024w, https:\/\/mchnn.com.vn\/wp-content\/uploads\/2024\/12\/z6183989492294_8fa06a069dc4f9516fad885df65accb0-768x245.jpg 768w, https:\/\/mchnn.com.vn\/wp-content\/uploads\/2024\/12\/z6183989492294_8fa06a069dc4f9516fad885df65accb0-1536x489.jpg 1536w\" sizes=\"auto, (max-width: 2000px) 100vw, 2000px\" \/><div class=\"wp-block-cover__inner-container is-layout-flow wp-block-cover-is-layout-flow\">\n<h2 class=\"wp-block-heading has-text-align-left has-background-color has-text-color has-link-color has-large-font-size wp-elements-b70dfd679c155274e6c691288a1a3008\" style=\"font-style:normal;font-weight:600\"><a href=\"#\">NH\u00c0 M\u00c1Y S\u1ea2N XU\u1ea4T TH\u1ef0C PH\u1ea8M ACECOOK <\/a><\/h2>\n\n\n\n<div class=\"wp-block-group is-layout-flow wp-container-core-group-is-layout-47e5a185 wp-block-group-is-layout-flow\">\n<p class=\"has-background-color has-text-color has-normal-font-size\">Ch\u1ee7 \u0111\u1ea7u t\u01b0: C\u00d4NG TY C\u1ed4 PH\u1ea6N ACECOOK VI\u1ec6T NAM<\/p>\n\n\n\n<p class=\"has-background-color has-text-color has-link-color wp-elements-38221b222cc576ed991943a039dd691d\">\u0110\u1ecba \u0111i\u1ec3m: KCN H\u00f2a Ph\u00fa, Long H\u1ed3, V\u0129nh Long<\/p>\n<\/div>\n<\/div><\/div>\n<\/div>\n<\/div>\n\n\n\n<div class=\"wp-block-column is-layout-flow wp-container-core-column-is-layout-dd5ee366 wp-block-column-is-layout-flow\" style=\"padding-top:0px;padding-right:0px;padding-bottom:0px;padding-left:0px\">\n<div class=\"wp-block-group  animated animated-fadeInUp is-layout-flow wp-block-group-is-layout-flow\"><\/div>\n\n\n\n<div class=\"wp-block-group animated animated-fadeInUp is-layout-flow wp-block-group-is-layout-flow\" style=\"padding-top:20px\"><\/div>\n<\/div>\n<\/div>\n\n\n\n<div class=\"wp-block-columns alignwide is-layout-flex wp-container-core-columns-is-layout-c6bc58be wp-block-columns-is-layout-flex\" style=\"padding-top:0px;padding-right:0px;padding-bottom:0px;padding-left:0px\">\n<div class=\"wp-block-column is-layout-flow wp-container-core-column-is-layout-dd5ee366 wp-block-column-is-layout-flow\" style=\"padding-top:0px;padding-right:0px;padding-bottom:0px;padding-left:0px\">\n<div class=\"wp-block-group  animated animated-fadeInUp is-layout-flow wp-block-group-is-layout-flow\"><\/div>\n\n\n\n<div class=\"wp-block-group animated animated-fadeInUp is-layout-flow wp-block-group-is-layout-flow\" style=\"padding-top:20px\"><\/div>\n\n\n\n<div class=\"wp-block-cover is-light has-custom-content-position is-position-bottom-left\" style=\"padding-top:40px;padding-right:40px;padding-bottom:40px;padding-left:40px;min-height:520px;aspect-ratio:unset;\"><span aria-hidden=\"true\" class=\"wp-block-cover__background has-background-dim-60 has-background-dim wp-block-cover__gradient-background has-background-gradient\" style=\"background-color:#9f9c91;background:linear-gradient(180deg,rgba(0,0,0,0.18) 0%,rgb(0,0,0) 87%)\"><\/span><img loading=\"lazy\" decoding=\"async\" width=\"698\" height=\"393\" class=\"wp-block-cover__image-background wp-image-1379\" alt=\"\" src=\"https:\/\/mchnn.com.vn\/wp-content\/uploads\/2024\/12\/t3-tan-son-nhat-2-1693451893377482519289.webp\" data-object-fit=\"cover\" srcset=\"https:\/\/mchnn.com.vn\/wp-content\/uploads\/2024\/12\/t3-tan-son-nhat-2-1693451893377482519289.webp 698w, https:\/\/mchnn.com.vn\/wp-content\/uploads\/2024\/12\/t3-tan-son-nhat-2-1693451893377482519289-300x169.webp 300w\" sizes=\"auto, (max-width: 698px) 100vw, 698px\" \/><div class=\"wp-block-cover__inner-container is-layout-flow wp-block-cover-is-layout-flow\">\n<h2 class=\"wp-block-heading has-text-align-left has-background-color has-text-color has-link-color has-large-font-size wp-elements-24d2f6fc40946badc8ce8691e7af9f3a\" style=\"font-style:normal;font-weight:600\"><a href=\"#\">NH\u00c0 GA T3 T\u00c2N S\u01a0N NH\u1ea4T <\/a><\/h2>\n\n\n\n<div class=\"wp-block-group is-layout-flow wp-container-core-group-is-layout-47e5a185 wp-block-group-is-layout-flow\">\n<p class=\"has-background-color has-text-color has-normal-font-size\">Ch\u1ee7 \u0111\u1ea7u t\u01b0: T\u1ed5ng C\u00f4ng ty C\u1ea3ng h\u00e0ng kh\u00f4ng Vi\u1ec7t Nam<\/p>\n\n\n\n<p class=\"has-background-color has-text-color has-link-color wp-elements-6ebbb17449bb60848d65a84826f51857\">\u0110\u1ecba \u0111i\u1ec3m: T\u00e2n B\u00ecnh, Th\u00e0nh ph\u1ed1 H\u1ed3 Ch\u00ed Minh<\/p>\n<\/div>\n<\/div><\/div>\n<\/div>\n\n\n\n<div class=\"wp-block-column is-vertically-aligned-bottom is-layout-flow wp-block-column-is-layout-flow\" style=\"flex-basis:60%\">\n<div class=\"wp-block-group  animated animated-fadeInUp is-layout-flow wp-block-group-is-layout-flow\">\n<div class=\"wp-block-cover is-light has-custom-content-position is-position-bottom-left\" style=\"padding-top:40px;padding-right:40px;padding-bottom:40px;padding-left:40px;min-height:520px;aspect-ratio:unset;\"><span aria-hidden=\"true\" class=\"wp-block-cover__background has-background-dim-60 has-background-dim wp-block-cover__gradient-background has-background-gradient\" style=\"background-color:#809e90;background:linear-gradient(180deg,rgba(0,0,0,0.18) 0%,rgb(0,0,0) 87%)\"><\/span><img loading=\"lazy\" decoding=\"async\" width=\"976\" height=\"474\" class=\"wp-block-cover__image-background wp-image-1376\" alt=\"\" src=\"https:\/\/mchnn.com.vn\/wp-content\/uploads\/2024\/12\/z6183967320371_75d9f3c721b90793d6c55d9312b8372e.jpg\" data-object-fit=\"cover\" srcset=\"https:\/\/mchnn.com.vn\/wp-content\/uploads\/2024\/12\/z6183967320371_75d9f3c721b90793d6c55d9312b8372e.jpg 976w, https:\/\/mchnn.com.vn\/wp-content\/uploads\/2024\/12\/z6183967320371_75d9f3c721b90793d6c55d9312b8372e-300x146.jpg 300w, https:\/\/mchnn.com.vn\/wp-content\/uploads\/2024\/12\/z6183967320371_75d9f3c721b90793d6c55d9312b8372e-768x373.jpg 768w\" sizes=\"auto, (max-width: 976px) 100vw, 976px\" \/><div class=\"wp-block-cover__inner-container is-layout-flow wp-block-cover-is-layout-flow\">\n<h2 class=\"wp-block-heading has-text-align-left has-background-color has-text-color has-link-color has-large-font-size wp-elements-a3d45279eb31f40eb088c23f37007588\" style=\"font-style:normal;font-weight:600\"><a href=\"#\">NH\u00c0 M\u00c1Y BIA S\u00c0I G\u00d2N &#8211; LONG KH\u00c1NH<\/a><\/h2>\n\n\n\n<div class=\"wp-block-group is-layout-flow wp-container-core-group-is-layout-47e5a185 wp-block-group-is-layout-flow\">\n<p><\/p>\n\n\n\n<p class=\"has-background-color has-text-color has-normal-font-size\">Ch\u1ee7 \u0111\u1ea7u t\u01b0: C\u00d4NG TY C\u1ed4 PH\u1ea6N BIA S\u00c0I G\u00d2N &#8211; LONG KH\u00c1NH<\/p>\n\n\n\n<p class=\"has-background-color has-text-color has-link-color wp-elements-1a96539619bfae77d05668004454d2b5\">\u0110\u1ecba \u0111i\u1ec3m: KCN Long Kh\u00e1nh, Th\u1ecb x\u00e3 Long Kh\u00e1nh, T\u1ec9nh \u0110\u1ed3ng Nai<\/p>\n<\/div>\n<\/div><\/div>\n<\/div>\n<\/div>\n<\/div>\n<\/div>\n\n\n\n\n\n<p><\/p>\n\n\n\n<p><\/p>\n\n\n\n<p><\/p>\n\n\n\n<p><\/p>\n","protected":false},"excerpt":{"rendered":"<p>D\u1ef0 \u00c1N TI\u00caU BI\u1ec2U<\/p>\n","protected":false},"author":1,"featured_media":0,"parent":0,"menu_order":0,"comment_status":"closed","ping_status":"closed","template":"template-gutentor-full-width.php","meta":{"footnotes":""},"class_list":["post-923","page","type-page","status-publish","hentry"],"yoast_head":"<!-- This site is optimized with the Yoast SEO plugin v24.1 - https:\/\/yoast.com\/wordpress\/plugins\/seo\/ -->\n<title>D\u1ef0 \u00c1N - M&amp;C JSC<\/title>\n<meta name=\"robots\" content=\"index, follow, max-snippet:-1, max-image-preview:large, max-video-preview:-1\" \/>\n<link rel=\"canonical\" href=\"https:\/\/mchnn.com.vn\/?page_id=923\" \/>\n<meta property=\"og:locale\" content=\"vi_VN\" \/>\n<meta property=\"og:type\" content=\"article\" \/>\n<meta property=\"og:title\" content=\"D\u1ef0 \u00c1N - M&amp;C JSC\" \/>\n<meta property=\"og:description\" content=\"D\u1ef0 \u00c1N TI\u00caU BI\u1ec2U\" \/>\n<meta property=\"og:url\" content=\"https:\/\/mchnn.com.vn\/?page_id=923\" \/>\n<meta property=\"og:site_name\" content=\"M&amp;C JSC\" \/>\n<meta property=\"article:modified_time\" content=\"2024-12-31T09:27:01+00:00\" \/>\n<meta property=\"og:image\" content=\"https:\/\/mchnn.com.vn\/wp-content\/uploads\/2024\/12\/z6183989492294_8fa06a069dc4f9516fad885df65accb0.jpg\" \/>\n\t<meta property=\"og:image:width\" content=\"2000\" \/>\n\t<meta property=\"og:image:height\" content=\"637\" \/>\n\t<meta property=\"og:image:type\" content=\"image\/jpeg\" \/>\n<meta name=\"twitter:card\" content=\"summary_large_image\" \/>\n<meta name=\"twitter:label1\" content=\"\u01af\u1edbc t\u00ednh th\u1eddi gian \u0111\u1ecdc\" \/>\n\t<meta name=\"twitter:data1\" content=\"1 ph\u00fat\" \/>\n<script type=\"application\/ld+json\" class=\"yoast-schema-graph\">{\"@context\":\"https:\/\/schema.org\",\"@graph\":[{\"@type\":\"WebPage\",\"@id\":\"https:\/\/mchnn.com.vn\/?page_id=923\",\"url\":\"https:\/\/mchnn.com.vn\/?page_id=923\",\"name\":\"D\u1ef0 \u00c1N - M&amp;C JSC\",\"isPartOf\":{\"@id\":\"https:\/\/mchnn.com.vn\/#website\"},\"primaryImageOfPage\":{\"@id\":\"https:\/\/mchnn.com.vn\/?page_id=923#primaryimage\"},\"image\":{\"@id\":\"https:\/\/mchnn.com.vn\/?page_id=923#primaryimage\"},\"thumbnailUrl\":\"https:\/\/mchnn.com.vn\/wp-content\/uploads\/2024\/12\/z6183989492294_8fa06a069dc4f9516fad885df65accb0.jpg\",\"datePublished\":\"2024-12-27T15:11:53+00:00\",\"dateModified\":\"2024-12-31T09:27:01+00:00\",\"breadcrumb\":{\"@id\":\"https:\/\/mchnn.com.vn\/?page_id=923#breadcrumb\"},\"inLanguage\":\"vi\",\"potentialAction\":[{\"@type\":\"ReadAction\",\"target\":[\"https:\/\/mchnn.com.vn\/?page_id=923\"]}]},{\"@type\":\"ImageObject\",\"inLanguage\":\"vi\",\"@id\":\"https:\/\/mchnn.com.vn\/?page_id=923#primaryimage\",\"url\":\"https:\/\/mchnn.com.vn\/wp-content\/uploads\/2024\/12\/z6183989492294_8fa06a069dc4f9516fad885df65accb0.jpg\",\"contentUrl\":\"https:\/\/mchnn.com.vn\/wp-content\/uploads\/2024\/12\/z6183989492294_8fa06a069dc4f9516fad885df65accb0.jpg\",\"width\":2000,\"height\":637},{\"@type\":\"BreadcrumbList\",\"@id\":\"https:\/\/mchnn.com.vn\/?page_id=923#breadcrumb\",\"itemListElement\":[{\"@type\":\"ListItem\",\"position\":1,\"name\":\"Trang ch\u1ee7\",\"item\":\"https:\/\/mchnn.com.vn\/\"},{\"@type\":\"ListItem\",\"position\":2,\"name\":\"D\u1ef0 \u00c1N\"}]},{\"@type\":\"WebSite\",\"@id\":\"https:\/\/mchnn.com.vn\/#website\",\"url\":\"https:\/\/mchnn.com.vn\/\",\"name\":\"M&C JSC\",\"description\":\"C\u00d4NG TY C\u1ed4 PH\u1ea6N THI\u1ebeT K\u1ebe \u0110\u1ea6U T\u01af X\u00c2Y D\u1ef0NG\",\"publisher\":{\"@id\":\"https:\/\/mchnn.com.vn\/#organization\"},\"alternateName\":\"X\u00c2Y D\u1ef0NG M&C JSC\",\"potentialAction\":[{\"@type\":\"SearchAction\",\"target\":{\"@type\":\"EntryPoint\",\"urlTemplate\":\"https:\/\/mchnn.com.vn\/?s={search_term_string}\"},\"query-input\":{\"@type\":\"PropertyValueSpecification\",\"valueRequired\":true,\"valueName\":\"search_term_string\"}}],\"inLanguage\":\"vi\"},{\"@type\":\"Organization\",\"@id\":\"https:\/\/mchnn.com.vn\/#organization\",\"name\":\"C\u00d4NG TY C\u1ed4 PH\u1ea6N THI\u1ebeT K\u1ebe \u0110\u1ea6U T\u01af X\u00c2Y D\u1ef0NG M&C\",\"alternateName\":\"M&C JSC\",\"url\":\"https:\/\/mchnn.com.vn\/\",\"logo\":{\"@type\":\"ImageObject\",\"inLanguage\":\"vi\",\"@id\":\"https:\/\/mchnn.com.vn\/#\/schema\/logo\/image\/\",\"url\":\"https:\/\/mchnn.com.vn\/wp-content\/uploads\/2024\/12\/cropped-Logo-MC-04.jpg\",\"contentUrl\":\"https:\/\/mchnn.com.vn\/wp-content\/uploads\/2024\/12\/cropped-Logo-MC-04.jpg\",\"width\":512,\"height\":512,\"caption\":\"C\u00d4NG TY C\u1ed4 PH\u1ea6N THI\u1ebeT K\u1ebe \u0110\u1ea6U T\u01af X\u00c2Y D\u1ef0NG M&C\"},\"image\":{\"@id\":\"https:\/\/mchnn.com.vn\/#\/schema\/logo\/image\/\"}}]}<\/script>\n<!-- \/ Yoast SEO plugin. -->","yoast_head_json":{"title":"D\u1ef0 \u00c1N - M&amp;C JSC","robots":{"index":"index","follow":"follow","max-snippet":"max-snippet:-1","max-image-preview":"max-image-preview:large","max-video-preview":"max-video-preview:-1"},"canonical":"https:\/\/mchnn.com.vn\/?page_id=923","og_locale":"vi_VN","og_type":"article","og_title":"D\u1ef0 \u00c1N - M&amp;C JSC","og_description":"D\u1ef0 \u00c1N TI\u00caU BI\u1ec2U","og_url":"https:\/\/mchnn.com.vn\/?page_id=923","og_site_name":"M&amp;C JSC","article_modified_time":"2024-12-31T09:27:01+00:00","og_image":[{"width":2000,"height":637,"url":"https:\/\/mchnn.com.vn\/wp-content\/uploads\/2024\/12\/z6183989492294_8fa06a069dc4f9516fad885df65accb0.jpg","type":"image\/jpeg"}],"twitter_card":"summary_large_image","twitter_misc":{"\u01af\u1edbc t\u00ednh th\u1eddi gian \u0111\u1ecdc":"1 ph\u00fat"},"schema":{"@context":"https:\/\/schema.org","@graph":[{"@type":"WebPage","@id":"https:\/\/mchnn.com.vn\/?page_id=923","url":"https:\/\/mchnn.com.vn\/?page_id=923","name":"D\u1ef0 \u00c1N - M&amp;C JSC","isPartOf":{"@id":"https:\/\/mchnn.com.vn\/#website"},"primaryImageOfPage":{"@id":"https:\/\/mchnn.com.vn\/?page_id=923#primaryimage"},"image":{"@id":"https:\/\/mchnn.com.vn\/?page_id=923#primaryimage"},"thumbnailUrl":"https:\/\/mchnn.com.vn\/wp-content\/uploads\/2024\/12\/z6183989492294_8fa06a069dc4f9516fad885df65accb0.jpg","datePublished":"2024-12-27T15:11:53+00:00","dateModified":"2024-12-31T09:27:01+00:00","breadcrumb":{"@id":"https:\/\/mchnn.com.vn\/?page_id=923#breadcrumb"},"inLanguage":"vi","potentialAction":[{"@type":"ReadAction","target":["https:\/\/mchnn.com.vn\/?page_id=923"]}]},{"@type":"ImageObject","inLanguage":"vi","@id":"https:\/\/mchnn.com.vn\/?page_id=923#primaryimage","url":"https:\/\/mchnn.com.vn\/wp-content\/uploads\/2024\/12\/z6183989492294_8fa06a069dc4f9516fad885df65accb0.jpg","contentUrl":"https:\/\/mchnn.com.vn\/wp-content\/uploads\/2024\/12\/z6183989492294_8fa06a069dc4f9516fad885df65accb0.jpg","width":2000,"height":637},{"@type":"BreadcrumbList","@id":"https:\/\/mchnn.com.vn\/?page_id=923#breadcrumb","itemListElement":[{"@type":"ListItem","position":1,"name":"Trang ch\u1ee7","item":"https:\/\/mchnn.com.vn\/"},{"@type":"ListItem","position":2,"name":"D\u1ef0 \u00c1N"}]},{"@type":"WebSite","@id":"https:\/\/mchnn.com.vn\/#website","url":"https:\/\/mchnn.com.vn\/","name":"M&C JSC","description":"C\u00d4NG TY C\u1ed4 PH\u1ea6N THI\u1ebeT K\u1ebe \u0110\u1ea6U T\u01af X\u00c2Y D\u1ef0NG","publisher":{"@id":"https:\/\/mchnn.com.vn\/#organization"},"alternateName":"X\u00c2Y D\u1ef0NG M&C JSC","potentialAction":[{"@type":"SearchAction","target":{"@type":"EntryPoint","urlTemplate":"https:\/\/mchnn.com.vn\/?s={search_term_string}"},"query-input":{"@type":"PropertyValueSpecification","valueRequired":true,"valueName":"search_term_string"}}],"inLanguage":"vi"},{"@type":"Organization","@id":"https:\/\/mchnn.com.vn\/#organization","name":"C\u00d4NG TY C\u1ed4 PH\u1ea6N THI\u1ebeT K\u1ebe \u0110\u1ea6U T\u01af X\u00c2Y D\u1ef0NG M&C","alternateName":"M&C JSC","url":"https:\/\/mchnn.com.vn\/","logo":{"@type":"ImageObject","inLanguage":"vi","@id":"https:\/\/mchnn.com.vn\/#\/schema\/logo\/image\/","url":"https:\/\/mchnn.com.vn\/wp-content\/uploads\/2024\/12\/cropped-Logo-MC-04.jpg","contentUrl":"https:\/\/mchnn.com.vn\/wp-content\/uploads\/2024\/12\/cropped-Logo-MC-04.jpg","width":512,"height":512,"caption":"C\u00d4NG TY C\u1ed4 PH\u1ea6N THI\u1ebeT K\u1ebe \u0110\u1ea6U T\u01af X\u00c2Y D\u1ef0NG M&C"},"image":{"@id":"https:\/\/mchnn.com.vn\/#\/schema\/logo\/image\/"}}]}},"_links":{"self":[{"href":"https:\/\/mchnn.com.vn\/index.php?rest_route=\/wp\/v2\/pages\/923","targetHints":{"allow":["GET"]}}],"collection":[{"href":"https:\/\/mchnn.com.vn\/index.php?rest_route=\/wp\/v2\/pages"}],"about":[{"href":"https:\/\/mchnn.com.vn\/index.php?rest_route=\/wp\/v2\/types\/page"}],"author":[{"embeddable":true,"href":"https:\/\/mchnn.com.vn\/index.php?rest_route=\/wp\/v2\/users\/1"}],"replies":[{"embeddable":true,"href":"https:\/\/mchnn.com.vn\/index.php?rest_route=%2Fwp%2Fv2%2Fcomments&post=923"}],"version-history":[{"count":32,"href":"https:\/\/mchnn.com.vn\/index.php?rest_route=\/wp\/v2\/pages\/923\/revisions"}],"predecessor-version":[{"id":1402,"href":"https:\/\/mchnn.com.vn\/index.php?rest_route=\/wp\/v2\/pages\/923\/revisions\/1402"}],"wp:attachment":[{"href":"https:\/\/mchnn.com.vn\/index.php?rest_route=%2Fwp%2Fv2%2Fmedia&parent=923"}],"curies":[{"name":"wp","href":"https:\/\/api.w.org\/{rel}","templated":true}]}}