{"id":556,"date":"2019-04-21T06:38:28","date_gmt":"2019-04-21T06:38:28","guid":{"rendered":"http:\/\/demo.sparklewpthemes.com\/constructionlight\/?page_id=556"},"modified":"2024-12-31T16:36:50","modified_gmt":"2024-12-31T09:36:50","slug":"our-services","status":"publish","type":"page","link":"https:\/\/mchnn.com.vn\/?page_id=556","title":{"rendered":"L\u0128NH V\u1ef0C HO\u1ea0T \u0110\u1ed8NG"},"content":{"rendered":"<div id=\"pl-gb556-69f4899cb09fd\"  class=\"panel-layout\" ><div id=\"pg-gb556-69f4899cb09fd-0\"  class=\"panel-grid panel-no-style\" ><div id=\"pgc-gb556-69f4899cb09fd-0-0\"  class=\"panel-grid-cell\" ><div id=\"panel-gb556-69f4899cb09fd-0-0-0\" class=\"so-panel widget widget_construction_light_service panel-first-child panel-last-child\" data-index=\"0\" >            \r\n                <section class=\"cons_light_feature layout_one\">\r\n                    <div class=\"container\">\r\n\r\n                        \r\n                        <div class=\"row\">\r\n                                                            <div class=\"col-lg-4 col-md-4 col-sm-6 col-xs-12 feature-list\">\r\n                                    <div class=\"box\">\r\n                                        <figure>\r\n                                            <a href=\"https:\/\/mchnn.com.vn\/?page_id=422\"><img loading=\"lazy\" decoding=\"async\" width=\"350\" height=\"280\" src=\"https:\/\/mchnn.com.vn\/wp-content\/uploads\/2024\/12\/1-ban-tai-san-tren-dat-va-chuyen-quyen-so-huu-1-350x280.jpg\" class=\"attachment-construction-light-medium size-construction-light-medium wp-post-image\" alt=\"\" \/><\/a>\r\n                                        <\/figure>\r\n\r\n                                        <div class=\"bottom-content\">\r\n                                            <h3><a href=\"https:\/\/mchnn.com.vn\/?page_id=422\">TH\u01af\u01a0NG M\u1ea0I<\/a><\/h3>\r\n                                            <p>&nbsp; &nbsp; &nbsp; &nbsp; V\u1edbi b\u1ec1 d\u00e0y kinh nghi\u1ec7m trong kinh doanh v\u1eadt li\u1ec7u x\u00e2y d\u1ef1ng, hi\u1ec7n nay M&amp;C l\u00e0 nh\u00e0 cung c\u1ea5p d\u1ecbch v\u1ee5&hellip;<\/p>\n                                                <a href=\"https:\/\/mchnn.com.vn\/?page_id=422\" class=\"btn btn-primary\">Read More<i class=\"fas fa-arrow-right\"><\/i><\/a>\r\n                                                                                    <\/div>\r\n                                    <\/div>\r\n                                <\/div>\r\n                                                            <div class=\"col-lg-4 col-md-4 col-sm-6 col-xs-12 feature-list\">\r\n                                    <div class=\"box\">\r\n                                        <figure>\r\n                                            <a href=\"https:\/\/mchnn.com.vn\/?page_id=412\"><img loading=\"lazy\" decoding=\"async\" width=\"350\" height=\"280\" src=\"https:\/\/mchnn.com.vn\/wp-content\/uploads\/2024\/12\/pexels-ekam-juneja-61080223-9549376-350x280.jpg\" class=\"attachment-construction-light-medium size-construction-light-medium wp-post-image\" alt=\"\" \/><\/a>\r\n                                        <\/figure>\r\n\r\n                                        <div class=\"bottom-content\">\r\n                                            <h3><a href=\"https:\/\/mchnn.com.vn\/?page_id=412\">T\u1ed4NG TH\u1ea6U X\u00c2Y D\u1ef0NG C\u00d4NG TR\u00ccNH &#038; H\u1ea0 T\u1ea6NG<\/a><\/h3>\r\n                                            <p>&nbsp; &nbsp; T\u1ed5ng th\u1ea7u \u0111\u01b0\u1ee3c xem l\u00e0 s\u1ef1 ch\u1ecdn l\u1ef1a t\u1ed1i \u01b0u d\u00e0nh cho c\u00e1c kh\u00e1ch h\u00e0ng c\u00f3 nhu c\u1ea7u x\u00e2y d\u1ef1ng c\u00f4ng tr\u00ecnh quy&hellip;<\/p>\n                                                <a href=\"https:\/\/mchnn.com.vn\/?page_id=412\" class=\"btn btn-primary\">Read More<i class=\"fas fa-arrow-right\"><\/i><\/a>\r\n                                                                                    <\/div>\r\n                                    <\/div>\r\n                                <\/div>\r\n                                                            <div class=\"col-lg-4 col-md-4 col-sm-6 col-xs-12 feature-list\">\r\n                                    <div class=\"box\">\r\n                                        <figure>\r\n                                            <a href=\"https:\/\/mchnn.com.vn\/?page_id=423\"><img loading=\"lazy\" decoding=\"async\" width=\"350\" height=\"280\" src=\"https:\/\/mchnn.com.vn\/wp-content\/uploads\/2024\/12\/pexels-photo-189296-350x280.jpeg\" class=\"attachment-construction-light-medium size-construction-light-medium wp-post-image\" alt=\"\" \/><\/a>\r\n                                        <\/figure>\r\n\r\n                                        <div class=\"bottom-content\">\r\n                                            <h3><a href=\"https:\/\/mchnn.com.vn\/?page_id=423\">\u0110\u1ea6U T\u01af<\/a><\/h3>\r\n                                            <p>&nbsp; &nbsp;<\/p>\n                                                <a href=\"https:\/\/mchnn.com.vn\/?page_id=423\" class=\"btn btn-primary\">Read More<i class=\"fas fa-arrow-right\"><\/i><\/a>\r\n                                                                                    <\/div>\r\n                                    <\/div>\r\n                                <\/div>\r\n                                                    <\/div>\r\n                    <\/div>\r\n                <\/section>\r\n            <\/div><\/div><\/div><\/div>","protected":false},"excerpt":{"rendered":"","protected":false},"author":1,"featured_media":200,"parent":0,"menu_order":0,"comment_status":"closed","ping_status":"closed","template":"template-pagebuilder.php","meta":{"footnotes":""},"class_list":["post-556","page","type-page","status-publish","has-post-thumbnail","hentry"],"yoast_head":"<!-- This site is optimized with the Yoast SEO plugin v24.1 - https:\/\/yoast.com\/wordpress\/plugins\/seo\/ -->\n<title>L\u0128NH V\u1ef0C HO\u1ea0T \u0110\u1ed8NG - M&amp;C JSC<\/title>\n<meta name=\"robots\" content=\"index, follow, max-snippet:-1, max-image-preview:large, max-video-preview:-1\" \/>\n<link rel=\"canonical\" href=\"https:\/\/mchnn.com.vn\/?page_id=556\" \/>\n<meta property=\"og:locale\" content=\"vi_VN\" \/>\n<meta property=\"og:type\" content=\"article\" \/>\n<meta property=\"og:title\" content=\"L\u0128NH V\u1ef0C HO\u1ea0T \u0110\u1ed8NG - M&amp;C JSC\" \/>\n<meta property=\"og:url\" content=\"https:\/\/mchnn.com.vn\/?page_id=556\" \/>\n<meta property=\"og:site_name\" content=\"M&amp;C JSC\" \/>\n<meta property=\"article:modified_time\" content=\"2024-12-31T09:36:50+00:00\" \/>\n<meta property=\"og:image\" content=\"https:\/\/mchnn.com.vn\/wp-content\/uploads\/2018\/02\/about1.jpg\" \/>\n\t<meta property=\"og:image:width\" content=\"1212\" \/>\n\t<meta property=\"og:image:height\" content=\"808\" \/>\n\t<meta property=\"og:image:type\" content=\"image\/jpeg\" \/>\n<meta name=\"twitter:card\" content=\"summary_large_image\" \/>\n<script type=\"application\/ld+json\" class=\"yoast-schema-graph\">{\"@context\":\"https:\/\/schema.org\",\"@graph\":[{\"@type\":\"WebPage\",\"@id\":\"https:\/\/mchnn.com.vn\/?page_id=556\",\"url\":\"https:\/\/mchnn.com.vn\/?page_id=556\",\"name\":\"L\u0128NH V\u1ef0C HO\u1ea0T \u0110\u1ed8NG - M&amp;C JSC\",\"isPartOf\":{\"@id\":\"https:\/\/mchnn.com.vn\/#website\"},\"primaryImageOfPage\":{\"@id\":\"https:\/\/mchnn.com.vn\/?page_id=556#primaryimage\"},\"image\":{\"@id\":\"https:\/\/mchnn.com.vn\/?page_id=556#primaryimage\"},\"thumbnailUrl\":\"https:\/\/mchnn.com.vn\/wp-content\/uploads\/2018\/02\/about1.jpg\",\"datePublished\":\"2019-04-21T06:38:28+00:00\",\"dateModified\":\"2024-12-31T09:36:50+00:00\",\"breadcrumb\":{\"@id\":\"https:\/\/mchnn.com.vn\/?page_id=556#breadcrumb\"},\"inLanguage\":\"vi\",\"potentialAction\":[{\"@type\":\"ReadAction\",\"target\":[\"https:\/\/mchnn.com.vn\/?page_id=556\"]}]},{\"@type\":\"ImageObject\",\"inLanguage\":\"vi\",\"@id\":\"https:\/\/mchnn.com.vn\/?page_id=556#primaryimage\",\"url\":\"https:\/\/mchnn.com.vn\/wp-content\/uploads\/2018\/02\/about1.jpg\",\"contentUrl\":\"https:\/\/mchnn.com.vn\/wp-content\/uploads\/2018\/02\/about1.jpg\",\"width\":1212,\"height\":808,\"caption\":\"\"},{\"@type\":\"BreadcrumbList\",\"@id\":\"https:\/\/mchnn.com.vn\/?page_id=556#breadcrumb\",\"itemListElement\":[{\"@type\":\"ListItem\",\"position\":1,\"name\":\"Trang ch\u1ee7\",\"item\":\"https:\/\/mchnn.com.vn\/\"},{\"@type\":\"ListItem\",\"position\":2,\"name\":\"L\u0128NH V\u1ef0C HO\u1ea0T \u0110\u1ed8NG\"}]},{\"@type\":\"WebSite\",\"@id\":\"https:\/\/mchnn.com.vn\/#website\",\"url\":\"https:\/\/mchnn.com.vn\/\",\"name\":\"M&C JSC\",\"description\":\"C\u00d4NG TY C\u1ed4 PH\u1ea6N THI\u1ebeT K\u1ebe \u0110\u1ea6U T\u01af X\u00c2Y D\u1ef0NG\",\"publisher\":{\"@id\":\"https:\/\/mchnn.com.vn\/#organization\"},\"alternateName\":\"X\u00c2Y D\u1ef0NG M&C JSC\",\"potentialAction\":[{\"@type\":\"SearchAction\",\"target\":{\"@type\":\"EntryPoint\",\"urlTemplate\":\"https:\/\/mchnn.com.vn\/?s={search_term_string}\"},\"query-input\":{\"@type\":\"PropertyValueSpecification\",\"valueRequired\":true,\"valueName\":\"search_term_string\"}}],\"inLanguage\":\"vi\"},{\"@type\":\"Organization\",\"@id\":\"https:\/\/mchnn.com.vn\/#organization\",\"name\":\"C\u00d4NG TY C\u1ed4 PH\u1ea6N THI\u1ebeT K\u1ebe \u0110\u1ea6U T\u01af X\u00c2Y D\u1ef0NG M&C\",\"alternateName\":\"M&C JSC\",\"url\":\"https:\/\/mchnn.com.vn\/\",\"logo\":{\"@type\":\"ImageObject\",\"inLanguage\":\"vi\",\"@id\":\"https:\/\/mchnn.com.vn\/#\/schema\/logo\/image\/\",\"url\":\"https:\/\/mchnn.com.vn\/wp-content\/uploads\/2024\/12\/cropped-Logo-MC-04.jpg\",\"contentUrl\":\"https:\/\/mchnn.com.vn\/wp-content\/uploads\/2024\/12\/cropped-Logo-MC-04.jpg\",\"width\":512,\"height\":512,\"caption\":\"C\u00d4NG TY C\u1ed4 PH\u1ea6N THI\u1ebeT K\u1ebe \u0110\u1ea6U T\u01af X\u00c2Y D\u1ef0NG M&C\"},\"image\":{\"@id\":\"https:\/\/mchnn.com.vn\/#\/schema\/logo\/image\/\"}}]}<\/script>\n<!-- \/ Yoast SEO plugin. -->","yoast_head_json":{"title":"L\u0128NH V\u1ef0C HO\u1ea0T \u0110\u1ed8NG - M&amp;C JSC","robots":{"index":"index","follow":"follow","max-snippet":"max-snippet:-1","max-image-preview":"max-image-preview:large","max-video-preview":"max-video-preview:-1"},"canonical":"https:\/\/mchnn.com.vn\/?page_id=556","og_locale":"vi_VN","og_type":"article","og_title":"L\u0128NH V\u1ef0C HO\u1ea0T \u0110\u1ed8NG - M&amp;C JSC","og_url":"https:\/\/mchnn.com.vn\/?page_id=556","og_site_name":"M&amp;C JSC","article_modified_time":"2024-12-31T09:36:50+00:00","og_image":[{"width":1212,"height":808,"url":"https:\/\/mchnn.com.vn\/wp-content\/uploads\/2018\/02\/about1.jpg","type":"image\/jpeg"}],"twitter_card":"summary_large_image","schema":{"@context":"https:\/\/schema.org","@graph":[{"@type":"WebPage","@id":"https:\/\/mchnn.com.vn\/?page_id=556","url":"https:\/\/mchnn.com.vn\/?page_id=556","name":"L\u0128NH V\u1ef0C HO\u1ea0T \u0110\u1ed8NG - M&amp;C JSC","isPartOf":{"@id":"https:\/\/mchnn.com.vn\/#website"},"primaryImageOfPage":{"@id":"https:\/\/mchnn.com.vn\/?page_id=556#primaryimage"},"image":{"@id":"https:\/\/mchnn.com.vn\/?page_id=556#primaryimage"},"thumbnailUrl":"https:\/\/mchnn.com.vn\/wp-content\/uploads\/2018\/02\/about1.jpg","datePublished":"2019-04-21T06:38:28+00:00","dateModified":"2024-12-31T09:36:50+00:00","breadcrumb":{"@id":"https:\/\/mchnn.com.vn\/?page_id=556#breadcrumb"},"inLanguage":"vi","potentialAction":[{"@type":"ReadAction","target":["https:\/\/mchnn.com.vn\/?page_id=556"]}]},{"@type":"ImageObject","inLanguage":"vi","@id":"https:\/\/mchnn.com.vn\/?page_id=556#primaryimage","url":"https:\/\/mchnn.com.vn\/wp-content\/uploads\/2018\/02\/about1.jpg","contentUrl":"https:\/\/mchnn.com.vn\/wp-content\/uploads\/2018\/02\/about1.jpg","width":1212,"height":808,"caption":""},{"@type":"BreadcrumbList","@id":"https:\/\/mchnn.com.vn\/?page_id=556#breadcrumb","itemListElement":[{"@type":"ListItem","position":1,"name":"Trang ch\u1ee7","item":"https:\/\/mchnn.com.vn\/"},{"@type":"ListItem","position":2,"name":"L\u0128NH V\u1ef0C HO\u1ea0T \u0110\u1ed8NG"}]},{"@type":"WebSite","@id":"https:\/\/mchnn.com.vn\/#website","url":"https:\/\/mchnn.com.vn\/","name":"M&C JSC","description":"C\u00d4NG TY C\u1ed4 PH\u1ea6N THI\u1ebeT K\u1ebe \u0110\u1ea6U T\u01af X\u00c2Y D\u1ef0NG","publisher":{"@id":"https:\/\/mchnn.com.vn\/#organization"},"alternateName":"X\u00c2Y D\u1ef0NG M&C JSC","potentialAction":[{"@type":"SearchAction","target":{"@type":"EntryPoint","urlTemplate":"https:\/\/mchnn.com.vn\/?s={search_term_string}"},"query-input":{"@type":"PropertyValueSpecification","valueRequired":true,"valueName":"search_term_string"}}],"inLanguage":"vi"},{"@type":"Organization","@id":"https:\/\/mchnn.com.vn\/#organization","name":"C\u00d4NG TY C\u1ed4 PH\u1ea6N THI\u1ebeT K\u1ebe \u0110\u1ea6U T\u01af X\u00c2Y D\u1ef0NG M&C","alternateName":"M&C JSC","url":"https:\/\/mchnn.com.vn\/","logo":{"@type":"ImageObject","inLanguage":"vi","@id":"https:\/\/mchnn.com.vn\/#\/schema\/logo\/image\/","url":"https:\/\/mchnn.com.vn\/wp-content\/uploads\/2024\/12\/cropped-Logo-MC-04.jpg","contentUrl":"https:\/\/mchnn.com.vn\/wp-content\/uploads\/2024\/12\/cropped-Logo-MC-04.jpg","width":512,"height":512,"caption":"C\u00d4NG TY C\u1ed4 PH\u1ea6N THI\u1ebeT K\u1ebe \u0110\u1ea6U T\u01af X\u00c2Y D\u1ef0NG M&C"},"image":{"@id":"https:\/\/mchnn.com.vn\/#\/schema\/logo\/image\/"}}]}},"_links":{"self":[{"href":"https:\/\/mchnn.com.vn\/index.php?rest_route=\/wp\/v2\/pages\/556","targetHints":{"allow":["GET"]}}],"collection":[{"href":"https:\/\/mchnn.com.vn\/index.php?rest_route=\/wp\/v2\/pages"}],"about":[{"href":"https:\/\/mchnn.com.vn\/index.php?rest_route=\/wp\/v2\/types\/page"}],"author":[{"embeddable":true,"href":"https:\/\/mchnn.com.vn\/index.php?rest_route=\/wp\/v2\/users\/1"}],"replies":[{"embeddable":true,"href":"https:\/\/mchnn.com.vn\/index.php?rest_route=%2Fwp%2Fv2%2Fcomments&post=556"}],"version-history":[{"count":1,"href":"https:\/\/mchnn.com.vn\/index.php?rest_route=\/wp\/v2\/pages\/556\/revisions"}],"predecessor-version":[{"id":1407,"href":"https:\/\/mchnn.com.vn\/index.php?rest_route=\/wp\/v2\/pages\/556\/revisions\/1407"}],"wp:featuredmedia":[{"embeddable":true,"href":"https:\/\/mchnn.com.vn\/index.php?rest_route=\/wp\/v2\/media\/200"}],"wp:attachment":[{"href":"https:\/\/mchnn.com.vn\/index.php?rest_route=%2Fwp%2Fv2%2Fmedia&parent=556"}],"curies":[{"name":"wp","href":"https:\/\/api.w.org\/{rel}","templated":true}]}}