{"id":422,"date":"2019-04-19T07:11:47","date_gmt":"2019-04-19T07:11:47","guid":{"rendered":"http:\/\/demo.sparklewpthemes.com\/constructionlight\/?page_id=422"},"modified":"2025-01-11T15:51:56","modified_gmt":"2025-01-11T08:51:56","slug":"we-plan-your-future","status":"publish","type":"page","link":"https:\/\/mchnn.com.vn\/?page_id=422","title":{"rendered":"TH\u01af\u01a0NG M\u1ea0I"},"content":{"rendered":"\r\n<p>&nbsp;<\/p>\r\n\r\n\r\n\r\n<p>&nbsp;<\/p>\r\n\r\n\r\n\r\n<p>&nbsp;<\/p>\r\n\r\n\r\n\r\n<p>&nbsp;<\/p>\r\n\r\n\r\n\r\n<p class=\"has-medium-font-size\">V\u1edbi b\u1ec1 d\u00e0y kinh nghi\u1ec7m trong kinh doanh v\u1eadt li\u1ec7u x\u00e2y d\u1ef1ng, hi\u1ec7n nay M&amp;C l\u00e0 nh\u00e0 cung c\u1ea5p d\u1ecbch v\u1ee5 v\u1eadt li\u1ec7u x\u00e2y d\u1ef1ng h\u00e0ng \u0111\u1ea7u, chuy\u00ean cung c\u1ea5p c\u00e1c lo\u1ea1i v\u1eadt li\u1ec7u x\u00e2y d\u1ef1ng cho c\u00e1c c\u00f4ng tr\u00ecnh, d\u1ef1 \u00e1n tr\u00ean to\u00e0n qu\u1ed1c. <br \/>S\u1ea3n ph\u1ea9m M&amp;C cung c\u1ea5p bao g\u1ed3m: G\u1ea1ch kh\u00f4ng nung, g\u1ea1ch tuynen, c\u00e1t, \u0111\u00e1 x\u00e2y d\u1ef1ng, xi m\u0103ng, s\u1eaft th\u00e9p c\u00e1c lo\u1ea1i (S\u1eaft th\u00e9p x\u00e2y d\u1ef1ng, s\u1eaft th\u00e9p c\u00f4ng nghi\u1ec7p: Th\u00e9p h\u00ecnh, th\u00e9p t\u1ea5m, c\u1ed9c c\u1eeb larsen, th\u00e9p d\u00e2y c\u01b0\u1eddng \u0111\u1ed9 cao). C\u00e1c lo\u1ea1i s\u1ea3n ph\u1ea9m v\u1eadt li\u1ec7u ho\u00e0n thi\u1ec7n (g\u1ea1ch \u1ed1p l\u00e1t, sen v\u00f2i), c\u00e1c lo\u1ea1i v\u1eadt t\u01b0 \u0111i\u1ec7n n\u01b0\u1edbc,.<\/p>\r\n\r\n\r\n\r\n<section id=\"section-936c6970-c5f9-4443-860b-0a82fbc412c7\" class=\"wp-block-gutentor-team gutentor-section gutentor-team team-template1\">\r\n<div class=\"grid-container\">\r\n<div class=\"gutentor-block-header\">\r\n<div class=\"gutentor-section-title enable-title-design seperator-top text-center\">\r\n<h2 class=\"gutentor-title\">S\u1ea2N PH\u1ea8M TI\u00caU BI\u1ec2U<\/h2>\r\n<\/div>\r\n<\/div>\r\n<div class=\"grid-row gutentor-grid-item-wrap\">\r\n<div class=\"gutentor-grid-column grid-lg-3 grid-md-6 grid-12\">\r\n<div class=\"gutentor-single-item gutentor-image team-template1 gutentor-single-item-0\">\r\n<div class=\"gutentor-template-wrapper\">\r\n<div class=\"gutentor-single-item-image-box\">\r\n<div class=\"gutentor-image-thumb\"><img loading=\"lazy\" decoding=\"async\" class=\"normal-image\" src=\"https:\/\/mchnn.com.vn\/wp-content\/uploads\/2024\/12\/images-1-8.png\" alt=\"\" width=\"525\" height=\"749\" \/><\/div>\r\n<\/div>\r\n<div class=\"gutentor-single-item-content\">\r\n<h3 class=\"gutentor-single-item-title\">G\u1ea0CH-NG\u00d3I<\/h3>\r\n<p class=\"gutentor-single-item-designation\">\u00a0<\/p>\r\n<\/div>\r\n<\/div>\r\n<\/div>\r\n<\/div>\r\n<div class=\"gutentor-grid-column grid-lg-3 grid-md-6 grid-12\">\r\n<div class=\"gutentor-single-item gutentor-image team-template1 gutentor-single-item-1\">\r\n<div class=\"gutentor-template-wrapper\">\r\n<div class=\"gutentor-single-item-image-box\">\r\n<div class=\"gutentor-image-thumb\"><img loading=\"lazy\" decoding=\"async\" class=\"normal-image\" src=\"https:\/\/mchnn.com.vn\/wp-content\/uploads\/2024\/12\/z6183442425426_f59e360277b541f881618d3557387fb8.jpg\" alt=\"\" width=\"525\" height=\"749\" \/><\/div>\r\n<\/div>\r\n<div class=\"gutentor-single-item-content\">\r\n<h3 class=\"gutentor-single-item-title\">XI M\u0102NG<\/h3>\r\n<p class=\"gutentor-single-item-designation\">\u00a0<\/p>\r\n<\/div>\r\n<\/div>\r\n<\/div>\r\n<\/div>\r\n<div class=\"gutentor-grid-column grid-lg-3 grid-md-6 grid-12\">\r\n<div class=\"gutentor-single-item gutentor-image team-template1 gutentor-single-item-2\">\r\n<div class=\"gutentor-template-wrapper\">\r\n<div class=\"gutentor-single-item-image-box\">\r\n<div class=\"gutentor-image-thumb\"><img loading=\"lazy\" decoding=\"async\" class=\"normal-image\" src=\"https:\/\/mchnn.com.vn\/wp-content\/uploads\/2024\/12\/images-1-10.png\" alt=\"\" width=\"525\" height=\"749\" \/><\/div>\r\n<\/div>\r\n<div class=\"gutentor-single-item-content\">\r\n<h3 class=\"gutentor-single-item-title\">S\u1eaeT TH\u00c9P<\/h3>\r\n<p class=\"gutentor-single-item-designation\">\u00a0<\/p>\r\n<\/div>\r\n<\/div>\r\n<\/div>\r\n<\/div>\r\n<div class=\"gutentor-grid-column grid-lg-3 grid-md-6 grid-12\">\r\n<div class=\"gutentor-single-item gutentor-image team-template1 gutentor-single-item-3\">\r\n<div class=\"gutentor-template-wrapper\">\r\n<div class=\"gutentor-single-item-image-box\">\r\n<div class=\"gutentor-image-thumb\"><img loading=\"lazy\" decoding=\"async\" class=\"normal-image\" src=\"https:\/\/mchnn.com.vn\/wp-content\/uploads\/2024\/12\/images-1-11.png\" alt=\"\" width=\"525\" height=\"749\" \/><\/div>\r\n<\/div>\r\n<div class=\"gutentor-single-item-content\">\r\n<h3 class=\"gutentor-single-item-title\">V\u1eacT T\u01af \u0110I\u1ec6N N\u01af\u1edaC<\/h3>\r\n<p class=\"gutentor-single-item-designation\">\u00a0<\/p>\r\n<\/div>\r\n<\/div>\r\n<\/div>\r\n<\/div>\r\n<\/div>\r\n<\/div>\r\n<\/section>\r\n\r\n\r\n\r\n<p>&nbsp;<\/p>\r\n","protected":false},"excerpt":{"rendered":"<p>&nbsp; &nbsp; &nbsp; &nbsp; V\u1edbi b\u1ec1 d\u00e0y kinh nghi\u1ec7m trong kinh doanh v\u1eadt li\u1ec7u x\u00e2y d\u1ef1ng, hi\u1ec7n nay M&amp;C l\u00e0 nh\u00e0 cung c\u1ea5p d\u1ecbch v\u1ee5&hellip;<\/p>\n","protected":false},"author":1,"featured_media":1272,"parent":0,"menu_order":0,"comment_status":"closed","ping_status":"closed","template":"template-gutentor-full-width.php","meta":{"footnotes":""},"class_list":["post-422","page","type-page","status-publish","has-post-thumbnail","hentry"],"yoast_head":"<!-- This site is optimized with the Yoast SEO plugin v24.1 - https:\/\/yoast.com\/wordpress\/plugins\/seo\/ -->\n<title>TH\u01af\u01a0NG M\u1ea0I - M&amp;C JSC<\/title>\n<meta name=\"robots\" content=\"index, follow, max-snippet:-1, max-image-preview:large, max-video-preview:-1\" \/>\n<link rel=\"canonical\" href=\"https:\/\/mchnn.com.vn\/?page_id=422\" \/>\n<meta property=\"og:locale\" content=\"vi_VN\" \/>\n<meta property=\"og:type\" content=\"article\" \/>\n<meta property=\"og:title\" content=\"TH\u01af\u01a0NG M\u1ea0I - M&amp;C JSC\" \/>\n<meta property=\"og:description\" content=\"&nbsp; &nbsp; &nbsp; &nbsp; V\u1edbi b\u1ec1 d\u00e0y kinh nghi\u1ec7m trong kinh doanh v\u1eadt li\u1ec7u x\u00e2y d\u1ef1ng, hi\u1ec7n nay M&amp;C l\u00e0 nh\u00e0 cung c\u1ea5p d\u1ecbch v\u1ee5&hellip;\" \/>\n<meta property=\"og:url\" content=\"https:\/\/mchnn.com.vn\/?page_id=422\" \/>\n<meta property=\"og:site_name\" content=\"M&amp;C JSC\" \/>\n<meta property=\"article:modified_time\" content=\"2025-01-11T08:51:56+00:00\" \/>\n<meta property=\"og:image\" content=\"https:\/\/mchnn.com.vn\/wp-content\/uploads\/2024\/12\/1-ban-tai-san-tren-dat-va-chuyen-quyen-so-huu-1.jpg\" \/>\n\t<meta property=\"og:image:width\" content=\"1500\" \/>\n\t<meta property=\"og:image:height\" content=\"1000\" \/>\n\t<meta property=\"og:image:type\" content=\"image\/jpeg\" \/>\n<meta name=\"twitter:card\" content=\"summary_large_image\" \/>\n<meta name=\"twitter:label1\" content=\"\u01af\u1edbc t\u00ednh th\u1eddi gian \u0111\u1ecdc\" \/>\n\t<meta name=\"twitter:data1\" content=\"2 ph\u00fat\" \/>\n<script type=\"application\/ld+json\" class=\"yoast-schema-graph\">{\"@context\":\"https:\/\/schema.org\",\"@graph\":[{\"@type\":\"WebPage\",\"@id\":\"https:\/\/mchnn.com.vn\/?page_id=422\",\"url\":\"https:\/\/mchnn.com.vn\/?page_id=422\",\"name\":\"TH\u01af\u01a0NG M\u1ea0I - M&amp;C JSC\",\"isPartOf\":{\"@id\":\"https:\/\/mchnn.com.vn\/#website\"},\"primaryImageOfPage\":{\"@id\":\"https:\/\/mchnn.com.vn\/?page_id=422#primaryimage\"},\"image\":{\"@id\":\"https:\/\/mchnn.com.vn\/?page_id=422#primaryimage\"},\"thumbnailUrl\":\"https:\/\/mchnn.com.vn\/wp-content\/uploads\/2024\/12\/1-ban-tai-san-tren-dat-va-chuyen-quyen-so-huu-1.jpg\",\"datePublished\":\"2019-04-19T07:11:47+00:00\",\"dateModified\":\"2025-01-11T08:51:56+00:00\",\"breadcrumb\":{\"@id\":\"https:\/\/mchnn.com.vn\/?page_id=422#breadcrumb\"},\"inLanguage\":\"vi\",\"potentialAction\":[{\"@type\":\"ReadAction\",\"target\":[\"https:\/\/mchnn.com.vn\/?page_id=422\"]}]},{\"@type\":\"ImageObject\",\"inLanguage\":\"vi\",\"@id\":\"https:\/\/mchnn.com.vn\/?page_id=422#primaryimage\",\"url\":\"https:\/\/mchnn.com.vn\/wp-content\/uploads\/2024\/12\/1-ban-tai-san-tren-dat-va-chuyen-quyen-so-huu-1.jpg\",\"contentUrl\":\"https:\/\/mchnn.com.vn\/wp-content\/uploads\/2024\/12\/1-ban-tai-san-tren-dat-va-chuyen-quyen-so-huu-1.jpg\",\"width\":1500,\"height\":1000},{\"@type\":\"BreadcrumbList\",\"@id\":\"https:\/\/mchnn.com.vn\/?page_id=422#breadcrumb\",\"itemListElement\":[{\"@type\":\"ListItem\",\"position\":1,\"name\":\"Trang ch\u1ee7\",\"item\":\"https:\/\/mchnn.com.vn\/\"},{\"@type\":\"ListItem\",\"position\":2,\"name\":\"TH\u01af\u01a0NG M\u1ea0I\"}]},{\"@type\":\"WebSite\",\"@id\":\"https:\/\/mchnn.com.vn\/#website\",\"url\":\"https:\/\/mchnn.com.vn\/\",\"name\":\"M&C JSC\",\"description\":\"C\u00d4NG TY C\u1ed4 PH\u1ea6N THI\u1ebeT K\u1ebe \u0110\u1ea6U T\u01af X\u00c2Y D\u1ef0NG\",\"publisher\":{\"@id\":\"https:\/\/mchnn.com.vn\/#organization\"},\"alternateName\":\"X\u00c2Y D\u1ef0NG M&C JSC\",\"potentialAction\":[{\"@type\":\"SearchAction\",\"target\":{\"@type\":\"EntryPoint\",\"urlTemplate\":\"https:\/\/mchnn.com.vn\/?s={search_term_string}\"},\"query-input\":{\"@type\":\"PropertyValueSpecification\",\"valueRequired\":true,\"valueName\":\"search_term_string\"}}],\"inLanguage\":\"vi\"},{\"@type\":\"Organization\",\"@id\":\"https:\/\/mchnn.com.vn\/#organization\",\"name\":\"C\u00d4NG TY C\u1ed4 PH\u1ea6N THI\u1ebeT K\u1ebe \u0110\u1ea6U T\u01af X\u00c2Y D\u1ef0NG M&C\",\"alternateName\":\"M&C JSC\",\"url\":\"https:\/\/mchnn.com.vn\/\",\"logo\":{\"@type\":\"ImageObject\",\"inLanguage\":\"vi\",\"@id\":\"https:\/\/mchnn.com.vn\/#\/schema\/logo\/image\/\",\"url\":\"https:\/\/mchnn.com.vn\/wp-content\/uploads\/2024\/12\/cropped-Logo-MC-04.jpg\",\"contentUrl\":\"https:\/\/mchnn.com.vn\/wp-content\/uploads\/2024\/12\/cropped-Logo-MC-04.jpg\",\"width\":512,\"height\":512,\"caption\":\"C\u00d4NG TY C\u1ed4 PH\u1ea6N THI\u1ebeT K\u1ebe \u0110\u1ea6U T\u01af X\u00c2Y D\u1ef0NG M&C\"},\"image\":{\"@id\":\"https:\/\/mchnn.com.vn\/#\/schema\/logo\/image\/\"}}]}<\/script>\n<!-- \/ Yoast SEO plugin. -->","yoast_head_json":{"title":"TH\u01af\u01a0NG M\u1ea0I - M&amp;C JSC","robots":{"index":"index","follow":"follow","max-snippet":"max-snippet:-1","max-image-preview":"max-image-preview:large","max-video-preview":"max-video-preview:-1"},"canonical":"https:\/\/mchnn.com.vn\/?page_id=422","og_locale":"vi_VN","og_type":"article","og_title":"TH\u01af\u01a0NG M\u1ea0I - M&amp;C JSC","og_description":"&nbsp; &nbsp; &nbsp; &nbsp; V\u1edbi b\u1ec1 d\u00e0y kinh nghi\u1ec7m trong kinh doanh v\u1eadt li\u1ec7u x\u00e2y d\u1ef1ng, hi\u1ec7n nay M&amp;C l\u00e0 nh\u00e0 cung c\u1ea5p d\u1ecbch v\u1ee5&hellip;","og_url":"https:\/\/mchnn.com.vn\/?page_id=422","og_site_name":"M&amp;C JSC","article_modified_time":"2025-01-11T08:51:56+00:00","og_image":[{"width":1500,"height":1000,"url":"https:\/\/mchnn.com.vn\/wp-content\/uploads\/2024\/12\/1-ban-tai-san-tren-dat-va-chuyen-quyen-so-huu-1.jpg","type":"image\/jpeg"}],"twitter_card":"summary_large_image","twitter_misc":{"\u01af\u1edbc t\u00ednh th\u1eddi gian \u0111\u1ecdc":"2 ph\u00fat"},"schema":{"@context":"https:\/\/schema.org","@graph":[{"@type":"WebPage","@id":"https:\/\/mchnn.com.vn\/?page_id=422","url":"https:\/\/mchnn.com.vn\/?page_id=422","name":"TH\u01af\u01a0NG M\u1ea0I - M&amp;C JSC","isPartOf":{"@id":"https:\/\/mchnn.com.vn\/#website"},"primaryImageOfPage":{"@id":"https:\/\/mchnn.com.vn\/?page_id=422#primaryimage"},"image":{"@id":"https:\/\/mchnn.com.vn\/?page_id=422#primaryimage"},"thumbnailUrl":"https:\/\/mchnn.com.vn\/wp-content\/uploads\/2024\/12\/1-ban-tai-san-tren-dat-va-chuyen-quyen-so-huu-1.jpg","datePublished":"2019-04-19T07:11:47+00:00","dateModified":"2025-01-11T08:51:56+00:00","breadcrumb":{"@id":"https:\/\/mchnn.com.vn\/?page_id=422#breadcrumb"},"inLanguage":"vi","potentialAction":[{"@type":"ReadAction","target":["https:\/\/mchnn.com.vn\/?page_id=422"]}]},{"@type":"ImageObject","inLanguage":"vi","@id":"https:\/\/mchnn.com.vn\/?page_id=422#primaryimage","url":"https:\/\/mchnn.com.vn\/wp-content\/uploads\/2024\/12\/1-ban-tai-san-tren-dat-va-chuyen-quyen-so-huu-1.jpg","contentUrl":"https:\/\/mchnn.com.vn\/wp-content\/uploads\/2024\/12\/1-ban-tai-san-tren-dat-va-chuyen-quyen-so-huu-1.jpg","width":1500,"height":1000},{"@type":"BreadcrumbList","@id":"https:\/\/mchnn.com.vn\/?page_id=422#breadcrumb","itemListElement":[{"@type":"ListItem","position":1,"name":"Trang ch\u1ee7","item":"https:\/\/mchnn.com.vn\/"},{"@type":"ListItem","position":2,"name":"TH\u01af\u01a0NG M\u1ea0I"}]},{"@type":"WebSite","@id":"https:\/\/mchnn.com.vn\/#website","url":"https:\/\/mchnn.com.vn\/","name":"M&C JSC","description":"C\u00d4NG TY C\u1ed4 PH\u1ea6N THI\u1ebeT K\u1ebe \u0110\u1ea6U T\u01af X\u00c2Y D\u1ef0NG","publisher":{"@id":"https:\/\/mchnn.com.vn\/#organization"},"alternateName":"X\u00c2Y D\u1ef0NG M&C JSC","potentialAction":[{"@type":"SearchAction","target":{"@type":"EntryPoint","urlTemplate":"https:\/\/mchnn.com.vn\/?s={search_term_string}"},"query-input":{"@type":"PropertyValueSpecification","valueRequired":true,"valueName":"search_term_string"}}],"inLanguage":"vi"},{"@type":"Organization","@id":"https:\/\/mchnn.com.vn\/#organization","name":"C\u00d4NG TY C\u1ed4 PH\u1ea6N THI\u1ebeT K\u1ebe \u0110\u1ea6U T\u01af X\u00c2Y D\u1ef0NG M&C","alternateName":"M&C JSC","url":"https:\/\/mchnn.com.vn\/","logo":{"@type":"ImageObject","inLanguage":"vi","@id":"https:\/\/mchnn.com.vn\/#\/schema\/logo\/image\/","url":"https:\/\/mchnn.com.vn\/wp-content\/uploads\/2024\/12\/cropped-Logo-MC-04.jpg","contentUrl":"https:\/\/mchnn.com.vn\/wp-content\/uploads\/2024\/12\/cropped-Logo-MC-04.jpg","width":512,"height":512,"caption":"C\u00d4NG TY C\u1ed4 PH\u1ea6N THI\u1ebeT K\u1ebe \u0110\u1ea6U T\u01af X\u00c2Y D\u1ef0NG M&C"},"image":{"@id":"https:\/\/mchnn.com.vn\/#\/schema\/logo\/image\/"}}]}},"_links":{"self":[{"href":"https:\/\/mchnn.com.vn\/index.php?rest_route=\/wp\/v2\/pages\/422","targetHints":{"allow":["GET"]}}],"collection":[{"href":"https:\/\/mchnn.com.vn\/index.php?rest_route=\/wp\/v2\/pages"}],"about":[{"href":"https:\/\/mchnn.com.vn\/index.php?rest_route=\/wp\/v2\/types\/page"}],"author":[{"embeddable":true,"href":"https:\/\/mchnn.com.vn\/index.php?rest_route=\/wp\/v2\/users\/1"}],"replies":[{"embeddable":true,"href":"https:\/\/mchnn.com.vn\/index.php?rest_route=%2Fwp%2Fv2%2Fcomments&post=422"}],"version-history":[{"count":37,"href":"https:\/\/mchnn.com.vn\/index.php?rest_route=\/wp\/v2\/pages\/422\/revisions"}],"predecessor-version":[{"id":1439,"href":"https:\/\/mchnn.com.vn\/index.php?rest_route=\/wp\/v2\/pages\/422\/revisions\/1439"}],"wp:featuredmedia":[{"embeddable":true,"href":"https:\/\/mchnn.com.vn\/index.php?rest_route=\/wp\/v2\/media\/1272"}],"wp:attachment":[{"href":"https:\/\/mchnn.com.vn\/index.php?rest_route=%2Fwp%2Fv2%2Fmedia&parent=422"}],"curies":[{"name":"wp","href":"https:\/\/api.w.org\/{rel}","templated":true}]}}