{"id":412,"date":"2019-04-19T06:56:49","date_gmt":"2019-04-19T06:56:49","guid":{"rendered":"http:\/\/demo.sparklewpthemes.com\/constructionlight\/?page_id=412"},"modified":"2025-01-11T15:53:12","modified_gmt":"2025-01-11T08:53:12","slug":"house-construction","status":"publish","type":"page","link":"https:\/\/mchnn.com.vn\/?page_id=412","title":{"rendered":"T\u1ed4NG TH\u1ea6U X\u00c2Y D\u1ef0NG C\u00d4NG TR\u00ccNH &#038; H\u1ea0 T\u1ea6NG"},"content":{"rendered":"\r\n<p>&nbsp;<\/p>\r\n\r\n\r\n\r\n<div class=\"wp-block-group alignfull is-layout-constrained wp-block-group-is-layout-constrained\" style=\"padding-top: 50px; padding-bottom: 50px;\">\r\n<div class=\"wp-block-columns alignwide is-layout-flex wp-container-core-columns-is-layout-43134f08 wp-block-columns-is-layout-flex\">\r\n<div class=\"wp-block-column is-layout-flow wp-block-column-is-layout-flow\" style=\"padding-right: var(--wp--preset--spacing--30); padding-left: var(--wp--preset--spacing--30);\">\r\n<div class=\"wp-block-group is-layout-constrained wp-block-group-is-layout-constrained\">\r\n<figure class=\"wp-block-image size-large\"><img decoding=\"async\" class=\"wp-image-457\" src=\"https:\/\/mchnn.com.vn\/wp-content\/plugins\/patterns-kit\/assets\/images\/about\/about-image-1.png\" alt=\"about-image-1.png\" \/><\/figure>\r\n<\/div>\r\n\r\n\r\n\r\n<div class=\"wp-block-group is-layout-constrained wp-container-core-group-is-layout-334a2726 wp-block-group-is-layout-constrained\">\r\n<p>&nbsp;<\/p>\r\n\r\n\r\n\r\n<p class=\"has-medium-font-size\">T\u1ed5ng th\u1ea7u \u0111\u01b0\u1ee3c xem l\u00e0 s\u1ef1 ch\u1ecdn l\u1ef1a t\u1ed1i \u01b0u d\u00e0nh cho c\u00e1c kh\u00e1ch h\u00e0ng c\u00f3 nhu c\u1ea7u x\u00e2y d\u1ef1ng c\u00f4ng tr\u00ecnh quy m\u00f4. B\u1edfi trong vai tr\u00f2 \u0111i\u1ec1u h\u00e0nh tr\u1ef1c ti\u1ebfp d\u1ef1 \u00e1n, nhi\u1ec1u Ch\u1ee7 \u0111\u1ea7u t\u01b0 g\u1eb7p kh\u00f4ng \u00edt kh\u00f3 kh\u0103n trong c\u00e1c c\u00f4ng t\u00e1c nh\u01b0: \u0111\u00e0m ph\u00e1n v\u00e0 k\u00fd k\u1ebft t\u1eebng g\u00f3i th\u1ea7u nh\u1ecf trong m\u1ed9t d\u1ef1 \u00e1n; \u0111i\u1ec1u ph\u1ed1i c\u00f4ng t\u00e1c tri\u1ec3n khai, c\u00f4ng t\u00e1c ph\u1ed1i \u2013 k\u1ebft h\u1ee3p; ki\u1ec3m tra v\u00e0 \u0111\u00f4n \u0111\u1ed1c ti\u1ebfn \u0111\u1ed9; ki\u1ec3m so\u00e1t ch\u1ea5t l\u01b0\u1ee3ng c\u1ee7a t\u1eebng \u0111\u01a1n v\u1ecb,\u2026 sao cho d\u1ef1 \u00e1n \u0111\u1ea3m b\u1ea3o th\u00e0nh c\u00f4ng t\u1ed1t \u0111\u1eb9p.<\/p>\r\n<\/div>\r\n<\/div>\r\n\r\n\r\n\r\n<div class=\"wp-block-column is-vertically-aligned-bottom is-layout-flow wp-block-column-is-layout-flow\" style=\"padding-top: 100px; padding-right: var(--wp--preset--spacing--30); padding-left: var(--wp--preset--spacing--30);\">\r\n<div class=\"wp-block-group is-layout-constrained wp-block-group-is-layout-constrained\">\r\n<figure class=\"wp-block-image size-large is-resized\"><img decoding=\"async\" class=\"wp-image-476\" style=\"width: 560px; height: auto;\" src=\"https:\/\/mchnn.com.vn\/wp-content\/plugins\/patterns-kit\/assets\/images\/about\/about-image-2.png\" alt=\"about-image-2.png\" \/><\/figure>\r\n<\/div>\r\n<\/div>\r\n<\/div>\r\n\r\n\r\n\r\n<p class=\"has-medium-font-size\">V\u1edbi nhi\u1ec1u n\u0103m kinh nghi\u1ec7m thi c\u00f4ng x\u00e2y d\u1ef1ng c\u00f4ng tr\u00ecnh nh\u00e0 x\u01b0\u1edfng v\u00e0 nh\u00e0 cao t\u1ea7ng c\u00f3 y\u00eau c\u1ea7u ph\u1ee9c t\u1ea1p v\u1ec1 c\u00f4ng ngh\u1ec7, ti\u1ec7n \u00edch v\u00e0 ch\u1ea5t l\u01b0\u1ee3ng cao. <strong>C\u00d4NG TY C\u1ed4 PH\u1ea6N THI\u1ebeT K\u1ebe \u0110\u1ea6U T\u01af X\u00c2Y D\u1ef0NG M&amp;C<\/strong> \u0111\u00e3 v\u00e0 \u0111ang c\u1ea3i ti\u1ebfn, \u00e1p d\u1ee5ng nhi\u1ec1u gi\u1ea3i ph\u00e1p thi c\u00f4ng x\u00e2y d\u1ef1ng c\u00f4ng tr\u00ecnh gi\u00fap \u0111\u1ea9y nhanh ti\u1ebfn \u0111\u1ed9 x\u00e2y d\u1ef1ng, gi\u1ea3m gi\u00e1 th\u00e0nh m\u00e0 v\u1eabn \u0111\u1ea3m b\u1ea3o ch\u1ea5t l\u01b0\u1ee3ng c\u00f4ng tr\u00ecnh c\u0169ng nh\u01b0 \u0111\u1ea3m b\u1ea3o c\u00f4ng t\u00e1c an to\u00e0n trong qu\u00e1 tr\u00ecnh thi c\u00f4ng.<\/p>\r\n\r\n\r\n\r\n<p class=\"has-medium-font-size\"><strong>C\u00d4NG TY C\u1ed4 PH\u1ea6N THI\u1ebeT K\u1ebe \u0110\u1ea6U T\u01af X\u00c2Y D\u1ef0NG M&amp;C<\/strong> t\u1ef1 h\u00e0o l\u00e0 th\u01b0\u01a1ng hi\u1ec7u v\u00e0 s\u1ef1 ch\u1ecdn l\u1ef1a uy t\u00edn c\u1ee7a nhi\u1ec1u kh\u00e1ch h\u00e0ng c\u00f3 nhu c\u1ea7u tri\u1ec3n khai d\u1ef1 \u00e1n theo m\u00f4 h\u00ecnh T\u1ed5ng th\u1ea7u. Ch\u1ee7 \u0111\u1ea7u t\u01b0 ch\u1ec9 c\u1ea7n giao tr\u1ecdn g\u00f3i c\u00f4ng t\u00e1c x\u00e2y l\u1eafp cho ch\u00fang t\u00f4i v\u00e0 ki\u1ec3m so\u00e1t m\u1ecdi c\u00f4ng vi\u1ec7c v\u1ec1 m\u1ed9t \u0111\u1ea7u m\u1ed1i. Trong vai tr\u00f2 T\u1ed5ng th\u1ea7u, Khang Vinh cam k\u1ebft tri\u1ec3n khai d\u1ef1 \u00e1n theo \u0111\u00fang quy tr\u00ecnh, c\u1ee5 th\u1ec3 nh\u01b0 sau:<\/p>\r\n\r\n\r\n\r\n<div id=\"section-g-pl2ukjl\" class=\"wp-block-gutentor-e6 section-g-pl2ukjl gutentor-element gutentor-element-image\">\r\n<div class=\"gutentor-element-image-box\">\r\n<div class=\"gutentor-image-thumb\"><img decoding=\"async\" class=\"normal-image\" src=\"https:\/\/mchnn.com.vn\/wp-content\/uploads\/2024\/12\/z6180372049883_11616d425bd775f4b39df9f70c34562c.jpg\" \/><\/div>\r\n<\/div>\r\n<\/div>\r\n<\/div>\r\n\r\n\r\n\r\n<p>&nbsp;<\/p>\r\n\r\n\r\n\r\n<p>&nbsp;<\/p>\r\n\r\n\r\n\r\n<p>&nbsp;<\/p>\r\n","protected":false},"excerpt":{"rendered":"<p>&nbsp; &nbsp; T\u1ed5ng th\u1ea7u \u0111\u01b0\u1ee3c xem l\u00e0 s\u1ef1 ch\u1ecdn l\u1ef1a t\u1ed1i \u01b0u d\u00e0nh cho c\u00e1c kh\u00e1ch h\u00e0ng c\u00f3 nhu c\u1ea7u x\u00e2y d\u1ef1ng c\u00f4ng tr\u00ecnh quy&hellip;<\/p>\n","protected":false},"author":1,"featured_media":1041,"parent":0,"menu_order":0,"comment_status":"closed","ping_status":"closed","template":"template-gutentor-full-width.php","meta":{"footnotes":""},"class_list":["post-412","page","type-page","status-publish","has-post-thumbnail","hentry"],"yoast_head":"<!-- This site is optimized with the Yoast SEO plugin v24.1 - https:\/\/yoast.com\/wordpress\/plugins\/seo\/ -->\n<title>T\u1ed4NG TH\u1ea6U X\u00c2Y D\u1ef0NG C\u00d4NG TR\u00ccNH &amp; H\u1ea0 T\u1ea6NG - M&amp;C JSC<\/title>\n<meta name=\"robots\" content=\"index, follow, max-snippet:-1, max-image-preview:large, max-video-preview:-1\" \/>\n<link rel=\"canonical\" href=\"https:\/\/mchnn.com.vn\/?page_id=412\" \/>\n<meta property=\"og:locale\" content=\"vi_VN\" \/>\n<meta property=\"og:type\" content=\"article\" \/>\n<meta property=\"og:title\" content=\"T\u1ed4NG TH\u1ea6U X\u00c2Y D\u1ef0NG C\u00d4NG TR\u00ccNH &amp; H\u1ea0 T\u1ea6NG - M&amp;C JSC\" \/>\n<meta property=\"og:description\" content=\"&nbsp; &nbsp; T\u1ed5ng th\u1ea7u \u0111\u01b0\u1ee3c xem l\u00e0 s\u1ef1 ch\u1ecdn l\u1ef1a t\u1ed1i \u01b0u d\u00e0nh cho c\u00e1c kh\u00e1ch h\u00e0ng c\u00f3 nhu c\u1ea7u x\u00e2y d\u1ef1ng c\u00f4ng tr\u00ecnh quy&hellip;\" \/>\n<meta property=\"og:url\" content=\"https:\/\/mchnn.com.vn\/?page_id=412\" \/>\n<meta property=\"og:site_name\" content=\"M&amp;C JSC\" \/>\n<meta property=\"article:modified_time\" content=\"2025-01-11T08:53:12+00:00\" \/>\n<meta property=\"og:image\" content=\"https:\/\/mchnn.com.vn\/wp-content\/uploads\/2024\/12\/pexels-ekam-juneja-61080223-9549376-scaled.jpg\" \/>\n\t<meta property=\"og:image:width\" content=\"2560\" \/>\n\t<meta property=\"og:image:height\" content=\"1707\" \/>\n\t<meta property=\"og:image:type\" content=\"image\/jpeg\" \/>\n<meta name=\"twitter:card\" content=\"summary_large_image\" \/>\n<meta name=\"twitter:label1\" content=\"\u01af\u1edbc t\u00ednh th\u1eddi gian \u0111\u1ecdc\" \/>\n\t<meta name=\"twitter:data1\" content=\"3 ph\u00fat\" \/>\n<script type=\"application\/ld+json\" class=\"yoast-schema-graph\">{\"@context\":\"https:\/\/schema.org\",\"@graph\":[{\"@type\":\"WebPage\",\"@id\":\"https:\/\/mchnn.com.vn\/?page_id=412\",\"url\":\"https:\/\/mchnn.com.vn\/?page_id=412\",\"name\":\"T\u1ed4NG TH\u1ea6U X\u00c2Y D\u1ef0NG C\u00d4NG TR\u00ccNH & H\u1ea0 T\u1ea6NG - M&amp;C JSC\",\"isPartOf\":{\"@id\":\"https:\/\/mchnn.com.vn\/#website\"},\"primaryImageOfPage\":{\"@id\":\"https:\/\/mchnn.com.vn\/?page_id=412#primaryimage\"},\"image\":{\"@id\":\"https:\/\/mchnn.com.vn\/?page_id=412#primaryimage\"},\"thumbnailUrl\":\"https:\/\/mchnn.com.vn\/wp-content\/uploads\/2024\/12\/pexels-ekam-juneja-61080223-9549376-scaled.jpg\",\"datePublished\":\"2019-04-19T06:56:49+00:00\",\"dateModified\":\"2025-01-11T08:53:12+00:00\",\"breadcrumb\":{\"@id\":\"https:\/\/mchnn.com.vn\/?page_id=412#breadcrumb\"},\"inLanguage\":\"vi\",\"potentialAction\":[{\"@type\":\"ReadAction\",\"target\":[\"https:\/\/mchnn.com.vn\/?page_id=412\"]}]},{\"@type\":\"ImageObject\",\"inLanguage\":\"vi\",\"@id\":\"https:\/\/mchnn.com.vn\/?page_id=412#primaryimage\",\"url\":\"https:\/\/mchnn.com.vn\/wp-content\/uploads\/2024\/12\/pexels-ekam-juneja-61080223-9549376-scaled.jpg\",\"contentUrl\":\"https:\/\/mchnn.com.vn\/wp-content\/uploads\/2024\/12\/pexels-ekam-juneja-61080223-9549376-scaled.jpg\",\"width\":2560,\"height\":1707},{\"@type\":\"BreadcrumbList\",\"@id\":\"https:\/\/mchnn.com.vn\/?page_id=412#breadcrumb\",\"itemListElement\":[{\"@type\":\"ListItem\",\"position\":1,\"name\":\"Trang ch\u1ee7\",\"item\":\"https:\/\/mchnn.com.vn\/\"},{\"@type\":\"ListItem\",\"position\":2,\"name\":\"T\u1ed4NG TH\u1ea6U X\u00c2Y D\u1ef0NG C\u00d4NG TR\u00ccNH &#038; H\u1ea0 T\u1ea6NG\"}]},{\"@type\":\"WebSite\",\"@id\":\"https:\/\/mchnn.com.vn\/#website\",\"url\":\"https:\/\/mchnn.com.vn\/\",\"name\":\"M&C JSC\",\"description\":\"C\u00d4NG TY C\u1ed4 PH\u1ea6N THI\u1ebeT K\u1ebe \u0110\u1ea6U T\u01af X\u00c2Y D\u1ef0NG\",\"publisher\":{\"@id\":\"https:\/\/mchnn.com.vn\/#organization\"},\"alternateName\":\"X\u00c2Y D\u1ef0NG M&C JSC\",\"potentialAction\":[{\"@type\":\"SearchAction\",\"target\":{\"@type\":\"EntryPoint\",\"urlTemplate\":\"https:\/\/mchnn.com.vn\/?s={search_term_string}\"},\"query-input\":{\"@type\":\"PropertyValueSpecification\",\"valueRequired\":true,\"valueName\":\"search_term_string\"}}],\"inLanguage\":\"vi\"},{\"@type\":\"Organization\",\"@id\":\"https:\/\/mchnn.com.vn\/#organization\",\"name\":\"C\u00d4NG TY C\u1ed4 PH\u1ea6N THI\u1ebeT K\u1ebe \u0110\u1ea6U T\u01af X\u00c2Y D\u1ef0NG M&C\",\"alternateName\":\"M&C JSC\",\"url\":\"https:\/\/mchnn.com.vn\/\",\"logo\":{\"@type\":\"ImageObject\",\"inLanguage\":\"vi\",\"@id\":\"https:\/\/mchnn.com.vn\/#\/schema\/logo\/image\/\",\"url\":\"https:\/\/mchnn.com.vn\/wp-content\/uploads\/2024\/12\/cropped-Logo-MC-04.jpg\",\"contentUrl\":\"https:\/\/mchnn.com.vn\/wp-content\/uploads\/2024\/12\/cropped-Logo-MC-04.jpg\",\"width\":512,\"height\":512,\"caption\":\"C\u00d4NG TY C\u1ed4 PH\u1ea6N THI\u1ebeT K\u1ebe \u0110\u1ea6U T\u01af X\u00c2Y D\u1ef0NG M&C\"},\"image\":{\"@id\":\"https:\/\/mchnn.com.vn\/#\/schema\/logo\/image\/\"}}]}<\/script>\n<!-- \/ Yoast SEO plugin. -->","yoast_head_json":{"title":"T\u1ed4NG TH\u1ea6U X\u00c2Y D\u1ef0NG C\u00d4NG TR\u00ccNH & H\u1ea0 T\u1ea6NG - M&amp;C JSC","robots":{"index":"index","follow":"follow","max-snippet":"max-snippet:-1","max-image-preview":"max-image-preview:large","max-video-preview":"max-video-preview:-1"},"canonical":"https:\/\/mchnn.com.vn\/?page_id=412","og_locale":"vi_VN","og_type":"article","og_title":"T\u1ed4NG TH\u1ea6U X\u00c2Y D\u1ef0NG C\u00d4NG TR\u00ccNH & H\u1ea0 T\u1ea6NG - M&amp;C JSC","og_description":"&nbsp; &nbsp; T\u1ed5ng th\u1ea7u \u0111\u01b0\u1ee3c xem l\u00e0 s\u1ef1 ch\u1ecdn l\u1ef1a t\u1ed1i \u01b0u d\u00e0nh cho c\u00e1c kh\u00e1ch h\u00e0ng c\u00f3 nhu c\u1ea7u x\u00e2y d\u1ef1ng c\u00f4ng tr\u00ecnh quy&hellip;","og_url":"https:\/\/mchnn.com.vn\/?page_id=412","og_site_name":"M&amp;C JSC","article_modified_time":"2025-01-11T08:53:12+00:00","og_image":[{"width":2560,"height":1707,"url":"https:\/\/mchnn.com.vn\/wp-content\/uploads\/2024\/12\/pexels-ekam-juneja-61080223-9549376-scaled.jpg","type":"image\/jpeg"}],"twitter_card":"summary_large_image","twitter_misc":{"\u01af\u1edbc t\u00ednh th\u1eddi gian \u0111\u1ecdc":"3 ph\u00fat"},"schema":{"@context":"https:\/\/schema.org","@graph":[{"@type":"WebPage","@id":"https:\/\/mchnn.com.vn\/?page_id=412","url":"https:\/\/mchnn.com.vn\/?page_id=412","name":"T\u1ed4NG TH\u1ea6U X\u00c2Y D\u1ef0NG C\u00d4NG TR\u00ccNH & H\u1ea0 T\u1ea6NG - M&amp;C JSC","isPartOf":{"@id":"https:\/\/mchnn.com.vn\/#website"},"primaryImageOfPage":{"@id":"https:\/\/mchnn.com.vn\/?page_id=412#primaryimage"},"image":{"@id":"https:\/\/mchnn.com.vn\/?page_id=412#primaryimage"},"thumbnailUrl":"https:\/\/mchnn.com.vn\/wp-content\/uploads\/2024\/12\/pexels-ekam-juneja-61080223-9549376-scaled.jpg","datePublished":"2019-04-19T06:56:49+00:00","dateModified":"2025-01-11T08:53:12+00:00","breadcrumb":{"@id":"https:\/\/mchnn.com.vn\/?page_id=412#breadcrumb"},"inLanguage":"vi","potentialAction":[{"@type":"ReadAction","target":["https:\/\/mchnn.com.vn\/?page_id=412"]}]},{"@type":"ImageObject","inLanguage":"vi","@id":"https:\/\/mchnn.com.vn\/?page_id=412#primaryimage","url":"https:\/\/mchnn.com.vn\/wp-content\/uploads\/2024\/12\/pexels-ekam-juneja-61080223-9549376-scaled.jpg","contentUrl":"https:\/\/mchnn.com.vn\/wp-content\/uploads\/2024\/12\/pexels-ekam-juneja-61080223-9549376-scaled.jpg","width":2560,"height":1707},{"@type":"BreadcrumbList","@id":"https:\/\/mchnn.com.vn\/?page_id=412#breadcrumb","itemListElement":[{"@type":"ListItem","position":1,"name":"Trang ch\u1ee7","item":"https:\/\/mchnn.com.vn\/"},{"@type":"ListItem","position":2,"name":"T\u1ed4NG TH\u1ea6U X\u00c2Y D\u1ef0NG C\u00d4NG TR\u00ccNH &#038; H\u1ea0 T\u1ea6NG"}]},{"@type":"WebSite","@id":"https:\/\/mchnn.com.vn\/#website","url":"https:\/\/mchnn.com.vn\/","name":"M&C JSC","description":"C\u00d4NG TY C\u1ed4 PH\u1ea6N THI\u1ebeT K\u1ebe \u0110\u1ea6U T\u01af X\u00c2Y D\u1ef0NG","publisher":{"@id":"https:\/\/mchnn.com.vn\/#organization"},"alternateName":"X\u00c2Y D\u1ef0NG M&C JSC","potentialAction":[{"@type":"SearchAction","target":{"@type":"EntryPoint","urlTemplate":"https:\/\/mchnn.com.vn\/?s={search_term_string}"},"query-input":{"@type":"PropertyValueSpecification","valueRequired":true,"valueName":"search_term_string"}}],"inLanguage":"vi"},{"@type":"Organization","@id":"https:\/\/mchnn.com.vn\/#organization","name":"C\u00d4NG TY C\u1ed4 PH\u1ea6N THI\u1ebeT K\u1ebe \u0110\u1ea6U T\u01af X\u00c2Y D\u1ef0NG M&C","alternateName":"M&C JSC","url":"https:\/\/mchnn.com.vn\/","logo":{"@type":"ImageObject","inLanguage":"vi","@id":"https:\/\/mchnn.com.vn\/#\/schema\/logo\/image\/","url":"https:\/\/mchnn.com.vn\/wp-content\/uploads\/2024\/12\/cropped-Logo-MC-04.jpg","contentUrl":"https:\/\/mchnn.com.vn\/wp-content\/uploads\/2024\/12\/cropped-Logo-MC-04.jpg","width":512,"height":512,"caption":"C\u00d4NG TY C\u1ed4 PH\u1ea6N THI\u1ebeT K\u1ebe \u0110\u1ea6U T\u01af X\u00c2Y D\u1ef0NG M&C"},"image":{"@id":"https:\/\/mchnn.com.vn\/#\/schema\/logo\/image\/"}}]}},"_links":{"self":[{"href":"https:\/\/mchnn.com.vn\/index.php?rest_route=\/wp\/v2\/pages\/412","targetHints":{"allow":["GET"]}}],"collection":[{"href":"https:\/\/mchnn.com.vn\/index.php?rest_route=\/wp\/v2\/pages"}],"about":[{"href":"https:\/\/mchnn.com.vn\/index.php?rest_route=\/wp\/v2\/types\/page"}],"author":[{"embeddable":true,"href":"https:\/\/mchnn.com.vn\/index.php?rest_route=\/wp\/v2\/users\/1"}],"replies":[{"embeddable":true,"href":"https:\/\/mchnn.com.vn\/index.php?rest_route=%2Fwp%2Fv2%2Fcomments&post=412"}],"version-history":[{"count":35,"href":"https:\/\/mchnn.com.vn\/index.php?rest_route=\/wp\/v2\/pages\/412\/revisions"}],"predecessor-version":[{"id":1441,"href":"https:\/\/mchnn.com.vn\/index.php?rest_route=\/wp\/v2\/pages\/412\/revisions\/1441"}],"wp:featuredmedia":[{"embeddable":true,"href":"https:\/\/mchnn.com.vn\/index.php?rest_route=\/wp\/v2\/media\/1041"}],"wp:attachment":[{"href":"https:\/\/mchnn.com.vn\/index.php?rest_route=%2Fwp%2Fv2%2Fmedia&parent=412"}],"curies":[{"name":"wp","href":"https:\/\/api.w.org\/{rel}","templated":true}]}}