{"id":199,"date":"2018-02-28T07:02:35","date_gmt":"2018-02-28T07:02:35","guid":{"rendered":"http:\/\/offshorethemes.com\/demo\/sparkconstruction\/?page_id=199"},"modified":"2025-01-11T16:15:11","modified_gmt":"2025-01-11T09:15:11","slug":"https-mchnn-com-vn","status":"publish","type":"page","link":"https:\/\/mchnn.com.vn\/?page_id=199","title":{"rendered":"V\u1ec0 CH\u00daNG T\u00d4I"},"content":{"rendered":"\r\n<p>&nbsp;<\/p>\r\n\r\n\r\n\r\n<div class=\"wp-block-group alignfull is-layout-constrained wp-block-group-is-layout-constrained\" style=\"padding-top: 50px; padding-bottom: 50px;\">\r\n<div class=\"wp-block-columns alignwide is-layout-flex wp-container-core-columns-is-layout-43134f08 wp-block-columns-is-layout-flex\">\r\n<div class=\"wp-block-column is-layout-flow wp-block-column-is-layout-flow\" style=\"padding-right: var(--wp--preset--spacing--30); padding-left: var(--wp--preset--spacing--30);\">\r\n<div class=\"wp-block-group is-layout-constrained wp-block-group-is-layout-constrained\">\r\n<figure class=\"wp-block-image size-large\"><img decoding=\"async\" class=\"wp-image-457\" src=\"https:\/\/mchnn.com.vn\/wp-content\/plugins\/patterns-kit\/assets\/images\/about\/about-image-1.png\" alt=\"about-image-1.png\" \/><\/figure>\r\n<\/div>\r\n\r\n\r\n\r\n<div class=\"wp-block-group is-layout-constrained wp-container-core-group-is-layout-334a2726 wp-block-group-is-layout-constrained\">\r\n<div class=\"wp-block-group is-layout-constrained wp-container-core-group-is-layout-19e250f3 wp-block-group-is-layout-constrained\">\r\n<div class=\"wp-block-group is-nowrap is-layout-flex wp-container-core-group-is-layout-6c531013 wp-block-group-is-layout-flex\">\r\n<div class=\"wp-block-group is-nowrap is-layout-flex wp-container-core-group-is-layout-c0d5ccf6 wp-block-group-is-layout-flex\">\r\n<p class=\"has-vivid-green-cyan-color has-text-color has-montserrat-font-family\" style=\"font-size: 20px; font-style: normal; font-weight: bold;\">&#8220;CUSTOMER CENTRICITY, SUCCESSFUL RESULT&#8221;<\/p>\r\n<\/div>\r\n<\/div>\r\n<\/div>\r\n\r\n\r\n\r\n<p class=\"has-montserrat-font-family has-medium-font-size\">V\u1edbi ph\u01b0\u01a1ng ch\u00e2m &#8220;Kh\u00e1ch h\u00e0ng l\u00e0 tr\u1ecdng t\u00e2m, th\u00e0nh c\u00f4ng l\u00e0 k\u1ebft qu\u1ea3&#8221; l\u00e0m n\u1ec1n t\u1ea3ng cho m\u1ecdi ho\u1ea1t \u0111\u1ed9ng. C\u00d4NG TY C\u1ed4 PH\u1ea6N THI\u1ebeT K\u1ebe \u0110\u1ea6U T\u01af X\u00c2Y D\u1ef0NG M&amp;C lu\u00f4n l\u1ea5y ch\u1ea5t l\u01b0\u1ee3ng t\u1ed1t nh\u1ea5t \u0111\u1ec3 ph\u1ee5c v\u1ee5 kh\u00e1ch h\u00e0ng.<\/p>\r\n\r\n\r\n\r\n<p class=\"has-montserrat-font-family has-medium-font-size\">\u0110\u1ec3 \u0111\u1ea3m b\u1ea3o ch\u1ea5t l\u01b0\u1ee3ng t\u1ed1t nh\u1ea5t ph\u1ee5c v\u1ee5 c\u00e1c y\u00eau c\u1ea7u c\u1ee7a kh\u00e1ch h\u00e0ng,\u00a0M&amp;C\u00a0cam k\u1ebft th\u1ef1c hi\u1ec7n c\u00e1c nguy\u00ean t\u1eafc sau:<\/p>\r\n\r\n\r\n\r\n<p>\u2013\u00a0T\u00ecm hi\u1ec3u v\u00e0 \u0111\u1ea3m b\u1ea3o \u0111\u00e1p \u1ee9ng t\u1ed1t nh\u1ea5t c\u00e1c y\u00eau c\u1ea7u c\u1ee7a kh\u00e1ch h\u00e0ng.<\/p>\r\n\r\n\r\n\r\n<p>\u2013\u00a0Tu\u00e2n th\u1ee7 c\u00e1c y\u00eau c\u1ea7u, quy \u0111\u1ecbnh hi\u1ec7n h\u00e0nh v\u1ec1 qu\u1ea3n l\u00fd ch\u1ea5t l\u01b0\u1ee3ng c\u1ee7a nh\u00e0 n\u01b0\u1edbc.<\/p>\r\n\r\n\r\n\r\n<p>\u2013\u00a0Kh\u00f4ng ng\u1eebng n\u00e2ng cao tr\u00ecnh \u0111\u1ed9, n\u0103ng l\u1ef1c v\u00e0 kinh nghi\u1ec7m c\u1ee7a Ban gi\u00e1m \u0111\u1ed1c v\u00e0 \u0111\u1ed9i ng\u0169 c\u00e1n b\u1ed9 nh\u00e2n vi\u00ean c\u00f4ng ty. Ph\u00e1t huy t\u1ed1i \u0111a ngu\u1ed3n l\u1ef1c con ng\u01b0\u1eddi.<\/p>\r\n\r\n\r\n\r\n<p>\u2013\u00a0M\u1edf r\u1ed9ng h\u1ee3p t\u00e1c, trao \u0111\u1ed5i kinh nghi\u1ec7m v\u1edbi c\u00e1c doanh nghi\u1ec7p trong v\u00e0 ngo\u00e0i n\u01b0\u1edbc.<\/p>\r\n\r\n\r\n\r\n<p>\u2013\u00a0\u0110\u1ed5i m\u1edbi c\u00f4ng t\u00e1c qu\u1ea3n l\u00fd \u0111\u1ea3m b\u1ea3o hi\u1ec7u qu\u1ea3 ho\u1ea1t \u0111\u1ed9ng kinh doanh.<\/p>\r\n\r\n\r\n\r\n<p class=\"has-montserrat-font-family has-medium-font-size\"><em><strong>C\u00d4NG TY C\u1ed4 PH\u1ea6N THI\u1ebeT K\u1ebe \u0110\u1ea6U T\u01af X\u00c2Y D\u1ef0NG M&amp;C<\/strong><\/em> <em><strong>tr\u00e2n tr\u1ecdng ti\u1ebfp nh\u1eadn \u00fd ki\u1ebfn \u0111\u00f3ng g\u00f3p c\u1ee7a kh\u00e1ch h\u00e0ng v\u00e0 coi \u0111\u00f3 l\u00e0 s\u1ef1 tr\u1ee3 gi\u00fap qu\u00fd b\u00e1u \u0111\u1ec3 c\u1ea3i ti\u1ebfn v\u00e0 n\u00e2ng cao ch\u1ea5t l\u01b0\u1ee3ng s\u1ea3n ph\u1ea9m do c\u00f4ng ty th\u1ef1c hi\u1ec7n.<\/strong><\/em><\/p>\r\n<\/div>\r\n<\/div>\r\n\r\n\r\n\r\n<div class=\"wp-block-column is-vertically-aligned-bottom is-layout-flow wp-block-column-is-layout-flow\" style=\"padding-top: 100px; padding-right: var(--wp--preset--spacing--30); padding-left: var(--wp--preset--spacing--30);\">\r\n<h2 class=\"wp-block-heading has-text-align-left has-primary-color has-text-color has-montserrat-font-family has-large-font-size\" style=\"font-style: normal; font-weight: bold;\">\u00a0<\/h2>\r\n\r\n\r\n\r\n<div class=\"wp-block-group is-layout-constrained wp-container-core-group-is-layout-334a2726 wp-block-group-is-layout-constrained\">\r\n<div class=\"wp-block-group is-layout-constrained wp-container-core-group-is-layout-19e250f3 wp-block-group-is-layout-constrained\">\r\n<div class=\"wp-block-group is-nowrap is-layout-flex wp-container-core-group-is-layout-6c531013 wp-block-group-is-layout-flex\">\r\n<div class=\"wp-block-group is-nowrap is-layout-flex wp-container-core-group-is-layout-c0d5ccf6 wp-block-group-is-layout-flex\">\r\n<p class=\"has-vivid-red-color has-text-color has-montserrat-font-family\" style=\"font-size: 21px; font-style: normal; font-weight: bold;\"><strong>C\u00d4NG TY C\u1ed4 PH\u1ea6N THI\u1ebeT K\u1ebe \u0110\u1ea6U T\u01af X\u00c2Y D\u1ef0NG M&amp;C<\/strong>\u00a0<\/p>\r\n<\/div>\r\n<\/div>\r\n\r\n\r\n\r\n<p>&nbsp;<\/p>\r\n\r\n\r\n\r\n<p class=\"has-montserrat-font-family has-medium-font-size\">T\u00ean vi\u1ebft t\u1eaft: <strong>M&amp;C<\/strong> <strong>JSC<\/strong><\/p>\r\n<\/div>\r\n\r\n\r\n\r\n<p class=\"has-montserrat-font-family has-medium-font-size\">M\u00e3 s\u1ed1 thu\u1ebf:\u00a0<strong>0311372297<\/strong><\/p>\r\n\r\n\r\n\r\n<p class=\"has-montserrat-font-family has-medium-font-size\">\u0110\u1ecba ch\u1ec9: <strong>A02-12, Millennium Apartment, 132 B\u1ebfn V\u00e2n \u0110\u1ed3n, Qu\u1eadn 4, HCM<\/strong><\/p>\r\n\r\n\r\n\r\n<p class=\"has-montserrat-font-family has-medium-font-size\">Hotline: <strong>0902 487 786<\/strong><\/p>\r\n\r\n\r\n\r\n<p class=\"has-montserrat-font-family has-medium-font-size\">Email: <strong>info@mchnn.com.vn<\/strong><\/p>\r\n\r\n\r\n\r\n<p class=\"has-montserrat-font-family has-medium-font-size\">Website: <strong>www.mchnn.vn<\/strong><\/p>\r\n\r\n\r\n\r\n<p class=\"has-montserrat-font-family has-medium-font-size\">\u00a0<\/p>\r\n\r\n\r\n\r\n<p>.<\/p>\r\n\r\n\r\n\r\n<p>.<\/p>\r\n\r\n\r\n\r\n<p>.<\/p>\r\n\r\n\r\n\r\n<p>.<\/p>\r\n<\/div>\r\n\r\n\r\n\r\n<div class=\"wp-block-group is-layout-constrained wp-block-group-is-layout-constrained\">\r\n<figure class=\"wp-block-image size-large\"><img decoding=\"async\" class=\"wp-image-476\" src=\"https:\/\/mchnn.com.vn\/wp-content\/plugins\/patterns-kit\/assets\/images\/about\/about-image-2.png\" alt=\"about-image-2.png\" \/><\/figure>\r\n<\/div>\r\n<\/div>\r\n<\/div>\r\n<\/div>\r\n\r\n\r\n\r\n<div class=\"wp-block-group alignfull has-foreground-background-color has-background is-layout-constrained wp-container-core-group-is-layout-d794d2f0 wp-block-group-is-layout-constrained\" style=\"padding: 0px;\">\u00a0<\/div>\r\n\r\n\r\n\r\n<p>&nbsp;<\/p>\r\n\r\n\r\n\r\n<div id=\"section-g-6rfb666\" class=\"wp-block-gutentor-e6 section-g-6rfb666 gutentor-element gutentor-element-image\">\r\n<div class=\"gutentor-element-image-box\">\r\n<div class=\"gutentor-image-thumb\"><img decoding=\"async\" class=\"normal-image\" src=\"https:\/\/mchnn.com.vn\/wp-content\/uploads\/2024\/12\/z6184129817420_d9de992456ee354064f1bf94d71495bf.jpg\" \/><\/div>\r\n<\/div>\r\n<\/div>\r\n\r\n\r\n<div id=\"pl-gb199-69f489a81ba4d\"  class=\"panel-layout\" ><div id=\"pg-gb199-69f489a81ba4d-0\"  class=\"panel-grid panel-no-style\" ><div id=\"pgc-gb199-69f489a81ba4d-0-0\"  class=\"panel-grid-cell\" ><div id=\"panel-gb199-69f489a81ba4d-0-0-0\" class=\"so-panel widget widget_construction_light_service panel-first-child\" data-index=\"0\" >            \r\n                <section class=\"cons_light_feature layout_one\">\r\n                    <div class=\"container\">\r\n\r\n                                    <div class=\"row\">\n\n                <div class=\"col-lg-12 col-sm-12 col-xs-12\">\n\n                    \n                        <h2 class=\"section-title\">L\u0128NH V\u1ef0C HO\u1ea0T \u0110\u1ed8NG<\/h2>\n\n                    \n                            <div class=\"section-tagline\">Tr\u1ea3i qua h\u01a1n 15 n\u0103m h\u00ecnh th\u00e0nh v\u00e0 ph\u00e1t tri\u1ec3n C\u00f4ng ty C\u1ed5 Ph\u1ea7n Thi\u1ebft K\u1ebf \u0110\u1ea7u T\u01b0 X\u00e2y D\u1ef1ng M&amp;C chuy\u00ean ho\u1ea1t \u0111\u1ed9ng v\u1ec1 c\u00e1c l\u0129nh v\u1ef1c:<\/div>\n\n                    \n                <\/div>\n\n            <\/div>\n        \r\n                        <div class=\"row\">\r\n                                                            <div class=\"col-lg-4 col-md-4 col-sm-6 col-xs-12 feature-list\">\r\n                                    <div class=\"box\">\r\n                                        <figure>\r\n                                            <a href=\"https:\/\/mchnn.com.vn\/?page_id=422\"><img loading=\"lazy\" decoding=\"async\" width=\"350\" height=\"280\" src=\"https:\/\/mchnn.com.vn\/wp-content\/uploads\/2024\/12\/1-ban-tai-san-tren-dat-va-chuyen-quyen-so-huu-1-350x280.jpg\" class=\"attachment-construction-light-medium size-construction-light-medium wp-post-image\" alt=\"\" \/><\/a>\r\n                                        <\/figure>\r\n\r\n                                        <div class=\"bottom-content\">\r\n                                            <h3><a href=\"https:\/\/mchnn.com.vn\/?page_id=422\">TH\u01af\u01a0NG M\u1ea0I<\/a><\/h3>\r\n                                            <p>&nbsp; &nbsp; &nbsp; &nbsp; V\u1edbi b\u1ec1 d\u00e0y kinh nghi\u1ec7m trong kinh doanh v\u1eadt li\u1ec7u x\u00e2y d\u1ef1ng, hi\u1ec7n nay M&amp;C l\u00e0 nh\u00e0 cung c\u1ea5p d\u1ecbch v\u1ee5&hellip;<\/p>\n                                                <a href=\"https:\/\/mchnn.com.vn\/?page_id=422\" class=\"btn btn-primary\">Read More<i class=\"fas fa-arrow-right\"><\/i><\/a>\r\n                                                                                    <\/div>\r\n                                    <\/div>\r\n                                <\/div>\r\n                                                            <div class=\"col-lg-4 col-md-4 col-sm-6 col-xs-12 feature-list\">\r\n                                    <div class=\"box\">\r\n                                        <figure>\r\n                                            <a href=\"https:\/\/mchnn.com.vn\/?page_id=412\"><img loading=\"lazy\" decoding=\"async\" width=\"350\" height=\"280\" src=\"https:\/\/mchnn.com.vn\/wp-content\/uploads\/2024\/12\/pexels-ekam-juneja-61080223-9549376-350x280.jpg\" class=\"attachment-construction-light-medium size-construction-light-medium wp-post-image\" alt=\"\" \/><\/a>\r\n                                        <\/figure>\r\n\r\n                                        <div class=\"bottom-content\">\r\n                                            <h3><a href=\"https:\/\/mchnn.com.vn\/?page_id=412\">T\u1ed4NG TH\u1ea6U X\u00c2Y D\u1ef0NG C\u00d4NG TR\u00ccNH &#038; H\u1ea0 T\u1ea6NG<\/a><\/h3>\r\n                                            <p>&nbsp; &nbsp; T\u1ed5ng th\u1ea7u \u0111\u01b0\u1ee3c xem l\u00e0 s\u1ef1 ch\u1ecdn l\u1ef1a t\u1ed1i \u01b0u d\u00e0nh cho c\u00e1c kh\u00e1ch h\u00e0ng c\u00f3 nhu c\u1ea7u x\u00e2y d\u1ef1ng c\u00f4ng tr\u00ecnh quy&hellip;<\/p>\n                                                <a href=\"https:\/\/mchnn.com.vn\/?page_id=412\" class=\"btn btn-primary\">Read More<i class=\"fas fa-arrow-right\"><\/i><\/a>\r\n                                                                                    <\/div>\r\n                                    <\/div>\r\n                                <\/div>\r\n                                                            <div class=\"col-lg-4 col-md-4 col-sm-6 col-xs-12 feature-list\">\r\n                                    <div class=\"box\">\r\n                                        <figure>\r\n                                            <a href=\"https:\/\/mchnn.com.vn\/?page_id=423\"><img loading=\"lazy\" decoding=\"async\" width=\"350\" height=\"280\" src=\"https:\/\/mchnn.com.vn\/wp-content\/uploads\/2024\/12\/pexels-photo-189296-350x280.jpeg\" class=\"attachment-construction-light-medium size-construction-light-medium wp-post-image\" alt=\"\" \/><\/a>\r\n                                        <\/figure>\r\n\r\n                                        <div class=\"bottom-content\">\r\n                                            <h3><a href=\"https:\/\/mchnn.com.vn\/?page_id=423\">\u0110\u1ea6U T\u01af<\/a><\/h3>\r\n                                            <p>&nbsp; &nbsp;<\/p>\n                                                <a href=\"https:\/\/mchnn.com.vn\/?page_id=423\" class=\"btn btn-primary\">Read More<i class=\"fas fa-arrow-right\"><\/i><\/a>\r\n                                                                                    <\/div>\r\n                                    <\/div>\r\n                                <\/div>\r\n                                                    <\/div>\r\n                    <\/div>\r\n                <\/section>\r\n            <\/div><div id=\"panel-gb199-69f489a81ba4d-0-0-1\" class=\"so-panel widget widget_construction_light_calltoaction panel-last-child\" data-index=\"1\" >                <div class=\"calltoaction_promo_wrapper\" style=\"background-image:url(http:\/\/demo.sparklewpthemes.com\/constructionlight\/sample-v1\/wp-content\/uploads\/sites\/2\/2019\/04\/construction-site-2858310_1280.jpg);background-repeat:no-repeat;background-size:cover;background-attachment:fixed;background-position: center;\">\r\n                    <div class=\"container\">\r\n                        <div class=\"calltoaction_full_widget_content\">\r\n\r\n                            <h2 class=\"wow zoomIn\">Committed to keep people healthy &amp; safe<\/h2>\r\n\r\n                            <div class=\"calltoaction_subtitle wow zoomIn\">\r\n                                <p>We understand that projects represent not only buildings, but the plans for the future of our clients ed ut perspiciatis unde omnis iste natus error sit voluptatem accusantium doloremque laudantium, totam rem aperia<\/p>\r\n                            <\/div>\r\n                        <\/div>\r\n\r\n                        <div class=\"calltoaction_button_wrap\">\r\n                            <a href=\"#\" class=\"btn btn-primary wow fadeInLeft\">More About Us <i class=\"fas fa-arrow-right\"><\/i><\/a> <a href=\"#\" class=\"btn btn-border wow fadeInRight\">Contact Us <i class=\"fas fa-arrow-right\"><\/i><\/a>\r\n                        <\/div>\r\n                    <\/div>\r\n                <\/div>\r\n            <\/div><\/div><\/div><\/div>\r\n\r\n\r\n<p>&nbsp;<\/p>\r\n","protected":false},"excerpt":{"rendered":"<p>&nbsp; &#8220;CUSTOMER CENTRICITY, SUCCESSFUL RESULT&#8221; V\u1edbi ph\u01b0\u01a1ng ch\u00e2m &#8220;Kh\u00e1ch h\u00e0ng l\u00e0 tr\u1ecdng t\u00e2m, th\u00e0nh c\u00f4ng l\u00e0 k\u1ebft qu\u1ea3&#8221; l\u00e0m n\u1ec1n t\u1ea3ng cho m\u1ecdi ho\u1ea1t \u0111\u1ed9ng.&hellip;<\/p>\n","protected":false},"author":1,"featured_media":200,"parent":0,"menu_order":0,"comment_status":"closed","ping_status":"closed","template":"template-pagebuilder.php","meta":{"footnotes":""},"class_list":["post-199","page","type-page","status-publish","has-post-thumbnail","hentry"],"yoast_head":"<!-- This site is optimized with the Yoast SEO plugin v24.1 - https:\/\/yoast.com\/wordpress\/plugins\/seo\/ -->\n<title>V\u1ec0 CH\u00daNG T\u00d4I - M&amp;C JSC<\/title>\n<meta name=\"description\" content=\"C\u00f4ng ty C\u1ed5 Ph\u1ea7n Thi\u1ebft K\u1ebf \u0110\u1ea7u T\u01b0 X\u00e2y D\u1ef1ng M&amp;C chuy\u00ean ho\u1ea1t \u0111\u1ed9ng v\u1ec1 c\u00e1c l\u0129nh v\u1ef1c: Th\u01b0\u01a1ng mai - T\u1ed5ng th\u1ea7u X\u00e2y d\u1ef1ng C\u00f4ng tr\u00ecnh &amp; H\u1ea1 t\u1ea7ng - \u0110\u1ea7u t\u01b0\" \/>\n<meta name=\"robots\" content=\"index, follow, max-snippet:-1, max-image-preview:large, max-video-preview:-1\" \/>\n<link rel=\"canonical\" href=\"https:\/\/mchnn.com.vn\/?page_id=199\" \/>\n<meta property=\"og:locale\" content=\"vi_VN\" \/>\n<meta property=\"og:type\" content=\"article\" \/>\n<meta property=\"og:title\" content=\"V\u1ec0 CH\u00daNG T\u00d4I - M&amp;C JSC\" \/>\n<meta property=\"og:description\" content=\"C\u00f4ng ty C\u1ed5 Ph\u1ea7n Thi\u1ebft K\u1ebf \u0110\u1ea7u T\u01b0 X\u00e2y D\u1ef1ng M&amp;C chuy\u00ean ho\u1ea1t \u0111\u1ed9ng v\u1ec1 c\u00e1c l\u0129nh v\u1ef1c: Th\u01b0\u01a1ng mai - T\u1ed5ng th\u1ea7u X\u00e2y d\u1ef1ng C\u00f4ng tr\u00ecnh &amp; H\u1ea1 t\u1ea7ng - \u0110\u1ea7u t\u01b0\" \/>\n<meta property=\"og:url\" content=\"https:\/\/mchnn.com.vn\/?page_id=199\" \/>\n<meta property=\"og:site_name\" content=\"M&amp;C JSC\" \/>\n<meta property=\"article:modified_time\" content=\"2025-01-11T09:15:11+00:00\" \/>\n<meta property=\"og:image\" content=\"https:\/\/mchnn.com.vn\/wp-content\/uploads\/2018\/02\/about1.jpg\" \/>\n\t<meta property=\"og:image:width\" content=\"1212\" \/>\n\t<meta property=\"og:image:height\" content=\"808\" \/>\n\t<meta property=\"og:image:type\" content=\"image\/jpeg\" \/>\n<meta name=\"twitter:card\" content=\"summary_large_image\" \/>\n<meta name=\"twitter:label1\" content=\"\u01af\u1edbc t\u00ednh th\u1eddi gian \u0111\u1ecdc\" \/>\n\t<meta name=\"twitter:data1\" content=\"3 ph\u00fat\" \/>\n<script type=\"application\/ld+json\" class=\"yoast-schema-graph\">{\"@context\":\"https:\/\/schema.org\",\"@graph\":[{\"@type\":\"WebPage\",\"@id\":\"https:\/\/mchnn.com.vn\/?page_id=199\",\"url\":\"https:\/\/mchnn.com.vn\/?page_id=199\",\"name\":\"V\u1ec0 CH\u00daNG T\u00d4I - M&amp;C JSC\",\"isPartOf\":{\"@id\":\"https:\/\/mchnn.com.vn\/#website\"},\"primaryImageOfPage\":{\"@id\":\"https:\/\/mchnn.com.vn\/?page_id=199#primaryimage\"},\"image\":{\"@id\":\"https:\/\/mchnn.com.vn\/?page_id=199#primaryimage\"},\"thumbnailUrl\":\"https:\/\/mchnn.com.vn\/wp-content\/uploads\/2018\/02\/about1.jpg\",\"datePublished\":\"2018-02-28T07:02:35+00:00\",\"dateModified\":\"2025-01-11T09:15:11+00:00\",\"description\":\"C\u00f4ng ty C\u1ed5 Ph\u1ea7n Thi\u1ebft K\u1ebf \u0110\u1ea7u T\u01b0 X\u00e2y D\u1ef1ng M&C chuy\u00ean ho\u1ea1t \u0111\u1ed9ng v\u1ec1 c\u00e1c l\u0129nh v\u1ef1c: Th\u01b0\u01a1ng mai - T\u1ed5ng th\u1ea7u X\u00e2y d\u1ef1ng C\u00f4ng tr\u00ecnh & H\u1ea1 t\u1ea7ng - \u0110\u1ea7u t\u01b0\",\"breadcrumb\":{\"@id\":\"https:\/\/mchnn.com.vn\/?page_id=199#breadcrumb\"},\"inLanguage\":\"vi\",\"potentialAction\":[{\"@type\":\"ReadAction\",\"target\":[\"https:\/\/mchnn.com.vn\/?page_id=199\"]}]},{\"@type\":\"ImageObject\",\"inLanguage\":\"vi\",\"@id\":\"https:\/\/mchnn.com.vn\/?page_id=199#primaryimage\",\"url\":\"https:\/\/mchnn.com.vn\/wp-content\/uploads\/2018\/02\/about1.jpg\",\"contentUrl\":\"https:\/\/mchnn.com.vn\/wp-content\/uploads\/2018\/02\/about1.jpg\",\"width\":1212,\"height\":808,\"caption\":\"\"},{\"@type\":\"BreadcrumbList\",\"@id\":\"https:\/\/mchnn.com.vn\/?page_id=199#breadcrumb\",\"itemListElement\":[{\"@type\":\"ListItem\",\"position\":1,\"name\":\"Trang ch\u1ee7\",\"item\":\"https:\/\/mchnn.com.vn\/\"},{\"@type\":\"ListItem\",\"position\":2,\"name\":\"V\u1ec0 CH\u00daNG T\u00d4I\"}]},{\"@type\":\"WebSite\",\"@id\":\"https:\/\/mchnn.com.vn\/#website\",\"url\":\"https:\/\/mchnn.com.vn\/\",\"name\":\"M&C JSC\",\"description\":\"C\u00d4NG TY C\u1ed4 PH\u1ea6N THI\u1ebeT K\u1ebe \u0110\u1ea6U T\u01af X\u00c2Y D\u1ef0NG\",\"publisher\":{\"@id\":\"https:\/\/mchnn.com.vn\/#organization\"},\"alternateName\":\"X\u00c2Y D\u1ef0NG M&C JSC\",\"potentialAction\":[{\"@type\":\"SearchAction\",\"target\":{\"@type\":\"EntryPoint\",\"urlTemplate\":\"https:\/\/mchnn.com.vn\/?s={search_term_string}\"},\"query-input\":{\"@type\":\"PropertyValueSpecification\",\"valueRequired\":true,\"valueName\":\"search_term_string\"}}],\"inLanguage\":\"vi\"},{\"@type\":\"Organization\",\"@id\":\"https:\/\/mchnn.com.vn\/#organization\",\"name\":\"C\u00d4NG TY C\u1ed4 PH\u1ea6N THI\u1ebeT K\u1ebe \u0110\u1ea6U T\u01af X\u00c2Y D\u1ef0NG M&C\",\"alternateName\":\"M&C JSC\",\"url\":\"https:\/\/mchnn.com.vn\/\",\"logo\":{\"@type\":\"ImageObject\",\"inLanguage\":\"vi\",\"@id\":\"https:\/\/mchnn.com.vn\/#\/schema\/logo\/image\/\",\"url\":\"https:\/\/mchnn.com.vn\/wp-content\/uploads\/2024\/12\/cropped-Logo-MC-04.jpg\",\"contentUrl\":\"https:\/\/mchnn.com.vn\/wp-content\/uploads\/2024\/12\/cropped-Logo-MC-04.jpg\",\"width\":512,\"height\":512,\"caption\":\"C\u00d4NG TY C\u1ed4 PH\u1ea6N THI\u1ebeT K\u1ebe \u0110\u1ea6U T\u01af X\u00c2Y D\u1ef0NG M&C\"},\"image\":{\"@id\":\"https:\/\/mchnn.com.vn\/#\/schema\/logo\/image\/\"}}]}<\/script>\n<!-- \/ Yoast SEO plugin. -->","yoast_head_json":{"title":"V\u1ec0 CH\u00daNG T\u00d4I - M&amp;C JSC","description":"C\u00f4ng ty C\u1ed5 Ph\u1ea7n Thi\u1ebft K\u1ebf \u0110\u1ea7u T\u01b0 X\u00e2y D\u1ef1ng M&C chuy\u00ean ho\u1ea1t \u0111\u1ed9ng v\u1ec1 c\u00e1c l\u0129nh v\u1ef1c: Th\u01b0\u01a1ng mai - T\u1ed5ng th\u1ea7u X\u00e2y d\u1ef1ng C\u00f4ng tr\u00ecnh & H\u1ea1 t\u1ea7ng - \u0110\u1ea7u t\u01b0","robots":{"index":"index","follow":"follow","max-snippet":"max-snippet:-1","max-image-preview":"max-image-preview:large","max-video-preview":"max-video-preview:-1"},"canonical":"https:\/\/mchnn.com.vn\/?page_id=199","og_locale":"vi_VN","og_type":"article","og_title":"V\u1ec0 CH\u00daNG T\u00d4I - M&amp;C JSC","og_description":"C\u00f4ng ty C\u1ed5 Ph\u1ea7n Thi\u1ebft K\u1ebf \u0110\u1ea7u T\u01b0 X\u00e2y D\u1ef1ng M&C chuy\u00ean ho\u1ea1t \u0111\u1ed9ng v\u1ec1 c\u00e1c l\u0129nh v\u1ef1c: Th\u01b0\u01a1ng mai - T\u1ed5ng th\u1ea7u X\u00e2y d\u1ef1ng C\u00f4ng tr\u00ecnh & H\u1ea1 t\u1ea7ng - \u0110\u1ea7u t\u01b0","og_url":"https:\/\/mchnn.com.vn\/?page_id=199","og_site_name":"M&amp;C JSC","article_modified_time":"2025-01-11T09:15:11+00:00","og_image":[{"width":1212,"height":808,"url":"https:\/\/mchnn.com.vn\/wp-content\/uploads\/2018\/02\/about1.jpg","type":"image\/jpeg"}],"twitter_card":"summary_large_image","twitter_misc":{"\u01af\u1edbc t\u00ednh th\u1eddi gian \u0111\u1ecdc":"3 ph\u00fat"},"schema":{"@context":"https:\/\/schema.org","@graph":[{"@type":"WebPage","@id":"https:\/\/mchnn.com.vn\/?page_id=199","url":"https:\/\/mchnn.com.vn\/?page_id=199","name":"V\u1ec0 CH\u00daNG T\u00d4I - M&amp;C JSC","isPartOf":{"@id":"https:\/\/mchnn.com.vn\/#website"},"primaryImageOfPage":{"@id":"https:\/\/mchnn.com.vn\/?page_id=199#primaryimage"},"image":{"@id":"https:\/\/mchnn.com.vn\/?page_id=199#primaryimage"},"thumbnailUrl":"https:\/\/mchnn.com.vn\/wp-content\/uploads\/2018\/02\/about1.jpg","datePublished":"2018-02-28T07:02:35+00:00","dateModified":"2025-01-11T09:15:11+00:00","description":"C\u00f4ng ty C\u1ed5 Ph\u1ea7n Thi\u1ebft K\u1ebf \u0110\u1ea7u T\u01b0 X\u00e2y D\u1ef1ng M&C chuy\u00ean ho\u1ea1t \u0111\u1ed9ng v\u1ec1 c\u00e1c l\u0129nh v\u1ef1c: Th\u01b0\u01a1ng mai - T\u1ed5ng th\u1ea7u X\u00e2y d\u1ef1ng C\u00f4ng tr\u00ecnh & H\u1ea1 t\u1ea7ng - \u0110\u1ea7u t\u01b0","breadcrumb":{"@id":"https:\/\/mchnn.com.vn\/?page_id=199#breadcrumb"},"inLanguage":"vi","potentialAction":[{"@type":"ReadAction","target":["https:\/\/mchnn.com.vn\/?page_id=199"]}]},{"@type":"ImageObject","inLanguage":"vi","@id":"https:\/\/mchnn.com.vn\/?page_id=199#primaryimage","url":"https:\/\/mchnn.com.vn\/wp-content\/uploads\/2018\/02\/about1.jpg","contentUrl":"https:\/\/mchnn.com.vn\/wp-content\/uploads\/2018\/02\/about1.jpg","width":1212,"height":808,"caption":""},{"@type":"BreadcrumbList","@id":"https:\/\/mchnn.com.vn\/?page_id=199#breadcrumb","itemListElement":[{"@type":"ListItem","position":1,"name":"Trang ch\u1ee7","item":"https:\/\/mchnn.com.vn\/"},{"@type":"ListItem","position":2,"name":"V\u1ec0 CH\u00daNG T\u00d4I"}]},{"@type":"WebSite","@id":"https:\/\/mchnn.com.vn\/#website","url":"https:\/\/mchnn.com.vn\/","name":"M&C JSC","description":"C\u00d4NG TY C\u1ed4 PH\u1ea6N THI\u1ebeT K\u1ebe \u0110\u1ea6U T\u01af X\u00c2Y D\u1ef0NG","publisher":{"@id":"https:\/\/mchnn.com.vn\/#organization"},"alternateName":"X\u00c2Y D\u1ef0NG M&C JSC","potentialAction":[{"@type":"SearchAction","target":{"@type":"EntryPoint","urlTemplate":"https:\/\/mchnn.com.vn\/?s={search_term_string}"},"query-input":{"@type":"PropertyValueSpecification","valueRequired":true,"valueName":"search_term_string"}}],"inLanguage":"vi"},{"@type":"Organization","@id":"https:\/\/mchnn.com.vn\/#organization","name":"C\u00d4NG TY C\u1ed4 PH\u1ea6N THI\u1ebeT K\u1ebe \u0110\u1ea6U T\u01af X\u00c2Y D\u1ef0NG M&C","alternateName":"M&C JSC","url":"https:\/\/mchnn.com.vn\/","logo":{"@type":"ImageObject","inLanguage":"vi","@id":"https:\/\/mchnn.com.vn\/#\/schema\/logo\/image\/","url":"https:\/\/mchnn.com.vn\/wp-content\/uploads\/2024\/12\/cropped-Logo-MC-04.jpg","contentUrl":"https:\/\/mchnn.com.vn\/wp-content\/uploads\/2024\/12\/cropped-Logo-MC-04.jpg","width":512,"height":512,"caption":"C\u00d4NG TY C\u1ed4 PH\u1ea6N THI\u1ebeT K\u1ebe \u0110\u1ea6U T\u01af X\u00c2Y D\u1ef0NG M&C"},"image":{"@id":"https:\/\/mchnn.com.vn\/#\/schema\/logo\/image\/"}}]}},"_links":{"self":[{"href":"https:\/\/mchnn.com.vn\/index.php?rest_route=\/wp\/v2\/pages\/199","targetHints":{"allow":["GET"]}}],"collection":[{"href":"https:\/\/mchnn.com.vn\/index.php?rest_route=\/wp\/v2\/pages"}],"about":[{"href":"https:\/\/mchnn.com.vn\/index.php?rest_route=\/wp\/v2\/types\/page"}],"author":[{"embeddable":true,"href":"https:\/\/mchnn.com.vn\/index.php?rest_route=\/wp\/v2\/users\/1"}],"replies":[{"embeddable":true,"href":"https:\/\/mchnn.com.vn\/index.php?rest_route=%2Fwp%2Fv2%2Fcomments&post=199"}],"version-history":[{"count":65,"href":"https:\/\/mchnn.com.vn\/index.php?rest_route=\/wp\/v2\/pages\/199\/revisions"}],"predecessor-version":[{"id":1436,"href":"https:\/\/mchnn.com.vn\/index.php?rest_route=\/wp\/v2\/pages\/199\/revisions\/1436"}],"wp:featuredmedia":[{"embeddable":true,"href":"https:\/\/mchnn.com.vn\/index.php?rest_route=\/wp\/v2\/media\/200"}],"wp:attachment":[{"href":"https:\/\/mchnn.com.vn\/index.php?rest_route=%2Fwp%2Fv2%2Fmedia&parent=199"}],"curies":[{"name":"wp","href":"https:\/\/api.w.org\/{rel}","templated":true}]}}